{"id":48774,"date":"2019-10-23T12:23:57","date_gmt":"2019-10-23T12:23:57","guid":{"rendered":"https:\/\/old-sagnlandet.dev.stom.dk\/kort-over-sagnlandet\/"},"modified":"2024-01-19T13:32:21","modified_gmt":"2024-01-19T12:32:21","slug":"carte-de-lejre-land-of-legends","status":"publish","type":"page","link":"https:\/\/old-sagnlandet.dev.stom.dk\/fr\/carte-de-lejre-land-of-legends\/","title":{"rendered":"Carte de Lejre Land of Legends"},"content":{"rendered":"<p>Lejre Land of Legends s&rsquo;\u00e9tend sur 43 hectares.<\/p>\n<p>Le terrain varie d&rsquo;endroit \u00e0 endroit, avec des routes larges ou plus fines, des sentiers sinueux, des collines, des ponts en planche de bois et des endroits terrass\u00e9s d&rsquo;herbes.<\/p>\n<p>\u00c0 l&rsquo;entr\u00e9e, vous recevrez une carte, o\u00f9 il sera possible de se faire une id\u00e9e des diff\u00e9rentes routes et itin\u00e9raires. Vous pouvez vous orienter ici avant votre visite. Vous pouvez appuyer sur l&rsquo;image afin de l&rsquo;agrandir.<\/p>\n<p><a href=\"https:\/\/old-sagnlandet.dev.stom.dk\/fr\/accessibilite\/\"><em><strong>Si vous \u00eates utilisateur de fauteuil roulant, lisez nos conditions d&rsquo;acc\u00e8s ici.<\/strong><\/em><\/a><\/p>\n<p>Appuyez sur la carte ci-dessous pour la t\u00e9l\u00e9charger.<\/p>\n<p><a href=\"https:\/\/old-sagnlandet.dev.stom.dk\/wp-content\/uploads\/2024\/01\/sagnlandetfolder2024-web-compressed.pdf\"><img loading=\"lazy\" decoding=\"async\" class=\"alignnone wp-image-58435 size-large\" src=\"https:\/\/old-sagnlandet.dev.stom.dk\/wp-content\/uploads\/2024\/01\/kort-over-sagnlandet-1920x1134.png\" alt=\"\" width=\"640\" height=\"378\" srcset=\"https:\/\/old-sagnlandet.dev.stom.dk\/wp-content\/uploads\/2024\/01\/kort-over-sagnlandet-1920x1134.png 1920w, https:\/\/old-sagnlandet.dev.stom.dk\/wp-content\/uploads\/2024\/01\/kort-over-sagnlandet-300x177.png 300w, https:\/\/old-sagnlandet.dev.stom.dk\/wp-content\/uploads\/2024\/01\/kort-over-sagnlandet-1536x907.png 1536w, https:\/\/old-sagnlandet.dev.stom.dk\/wp-content\/uploads\/2024\/01\/kort-over-sagnlandet-2048x1210.png 2048w, https:\/\/old-sagnlandet.dev.stom.dk\/wp-content\/uploads\/2024\/01\/kort-over-sagnlandet-1320x780.png 1320w, https:\/\/old-sagnlandet.dev.stom.dk\/wp-content\/uploads\/2024\/01\/kort-over-sagnlandet-600x354.png 600w\" sizes=\"(max-width: 640px) 100vw, 640px\" \/><\/a><\/p>\n","protected":false},"excerpt":{"rendered":"<p>Lejre Land of Legends s&rsquo;\u00e9tend sur 43 hectares. Le terrain varie d&rsquo;endroit \u00e0 endroit, avec des routes larges ou plus fines, des sentiers sinueux, des collines, des ponts en planche de bois et des endroits terrass\u00e9s d&rsquo;herbes. \u00c0 l&rsquo;entr\u00e9e, vous recevrez une carte, o\u00f9 il sera possible de se faire une id\u00e9e des diff\u00e9rentes routes [&hellip;]<\/p>\n","protected":false},"author":1,"featured_media":0,"parent":0,"menu_order":0,"comment_status":"closed","ping_status":"closed","template":"","meta":{"footnotes":""},"yoast_head":"<!-- This site is optimized with the Yoast SEO plugin v14.3 - https:\/\/yoast.com\/wordpress\/plugins\/seo\/ -->\n<meta name=\"description\" content=\"Hvis du aldrig har v\u00e6ret i Sagnlandet Lejre, virker 43 hektar m\u00e5ske som meget. Her finder du et kort over omr\u00e5det, s\u00e5 du kan forberede dig p\u00e5 din tur herud.\" \/>\n<meta name=\"robots\" content=\"noindex, follow\" \/>\n<meta property=\"og:locale\" content=\"fr_FR\" \/>\n<meta property=\"og:type\" content=\"article\" \/>\n<meta property=\"og:title\" content=\"Carte de Lejre Land of Legends - Sagnlandet Lejre - Historisk-Ark\u00e6ologisk Forsknings- og Formidlingscenter\" \/>\n<meta property=\"og:description\" content=\"Hvis du aldrig har v\u00e6ret i Sagnlandet Lejre, virker 43 hektar m\u00e5ske som meget. Her finder du et kort over omr\u00e5det, s\u00e5 du kan forberede dig p\u00e5 din tur herud.\" \/>\n<meta property=\"og:url\" content=\"https:\/\/old-sagnlandet.dev.stom.dk\/fr\/carte-de-lejre-land-of-legends\/\" \/>\n<meta property=\"og:site_name\" content=\"Sagnlandet Lejre - Historisk-Ark\u00e6ologisk Forsknings- og Formidlingscenter\" \/>\n<meta property=\"article:modified_time\" content=\"2024-01-19T12:32:21+00:00\" \/>\n<meta property=\"og:image\" content=\"https:\/\/old-sagnlandet.dev.stom.dk\/wp-content\/uploads\/2024\/01\/kort-over-sagnlandet-1920x1134.png\" \/>\n<meta name=\"twitter:card\" content=\"summary\" \/>\n<script type=\"application\/ld+json\" class=\"yoast-schema-graph\">{\"@context\":\"https:\/\/schema.org\",\"@graph\":[{\"@type\":\"WebSite\",\"@id\":\"https:\/\/old-sagnlandet.dev.stom.dk\/fr\/#website\",\"url\":\"https:\/\/old-sagnlandet.dev.stom.dk\/fr\/\",\"name\":\"Sagnlandet Lejre - Historisk-Ark\\u00e6ologisk Forsknings- og Formidlingscenter\",\"description\":\"\",\"potentialAction\":[{\"@type\":\"SearchAction\",\"target\":\"https:\/\/old-sagnlandet.dev.stom.dk\/fr\/?s={search_term_string}\",\"query-input\":\"required name=search_term_string\"}],\"inLanguage\":\"fr-FR\"},{\"@type\":\"ImageObject\",\"@id\":\"https:\/\/old-sagnlandet.dev.stom.dk\/fr\/carte-de-lejre-land-of-legends\/#primaryimage\",\"inLanguage\":\"fr-FR\",\"url\":\"https:\/\/old-sagnlandet.dev.stom.dk\/wp-content\/uploads\/2024\/01\/kort-over-sagnlandet.png\",\"width\":2900,\"height\":1713},{\"@type\":\"WebPage\",\"@id\":\"https:\/\/old-sagnlandet.dev.stom.dk\/fr\/carte-de-lejre-land-of-legends\/#webpage\",\"url\":\"https:\/\/old-sagnlandet.dev.stom.dk\/fr\/carte-de-lejre-land-of-legends\/\",\"name\":\"Carte de Lejre Land of Legends - Sagnlandet Lejre - Historisk-Ark\\u00e6ologisk Forsknings- og Formidlingscenter\",\"isPartOf\":{\"@id\":\"https:\/\/old-sagnlandet.dev.stom.dk\/fr\/#website\"},\"primaryImageOfPage\":{\"@id\":\"https:\/\/old-sagnlandet.dev.stom.dk\/fr\/carte-de-lejre-land-of-legends\/#primaryimage\"},\"datePublished\":\"2019-10-23T12:23:57+00:00\",\"dateModified\":\"2024-01-19T12:32:21+00:00\",\"description\":\"Hvis du aldrig har v\\u00e6ret i Sagnlandet Lejre, virker 43 hektar m\\u00e5ske som meget. Her finder du et kort over omr\\u00e5det, s\\u00e5 du kan forberede dig p\\u00e5 din tur herud.\",\"inLanguage\":\"fr-FR\",\"potentialAction\":[{\"@type\":\"ReadAction\",\"target\":[\"https:\/\/old-sagnlandet.dev.stom.dk\/fr\/carte-de-lejre-land-of-legends\/\"]}]}]}<\/script>\n<!-- \/ Yoast SEO plugin. -->","_links":{"self":[{"href":"https:\/\/old-sagnlandet.dev.stom.dk\/fr\/wp-json\/wp\/v2\/pages\/48774"}],"collection":[{"href":"https:\/\/old-sagnlandet.dev.stom.dk\/fr\/wp-json\/wp\/v2\/pages"}],"about":[{"href":"https:\/\/old-sagnlandet.dev.stom.dk\/fr\/wp-json\/wp\/v2\/types\/page"}],"author":[{"embeddable":true,"href":"https:\/\/old-sagnlandet.dev.stom.dk\/fr\/wp-json\/wp\/v2\/users\/1"}],"replies":[{"embeddable":true,"href":"https:\/\/old-sagnlandet.dev.stom.dk\/fr\/wp-json\/wp\/v2\/comments?post=48774"}],"version-history":[{"count":6,"href":"https:\/\/old-sagnlandet.dev.stom.dk\/fr\/wp-json\/wp\/v2\/pages\/48774\/revisions"}],"predecessor-version":[{"id":58591,"href":"https:\/\/old-sagnlandet.dev.stom.dk\/fr\/wp-json\/wp\/v2\/pages\/48774\/revisions\/58591"}],"wp:attachment":[{"href":"https:\/\/old-sagnlandet.dev.stom.dk\/fr\/wp-json\/wp\/v2\/media?parent=48774"}],"curies":[{"name":"wp","href":"https:\/\/api.w.org\/{rel}","templated":true}]}}