{"id":48771,"date":"2019-10-14T11:40:27","date_gmt":"2019-10-14T11:40:27","guid":{"rendered":"https:\/\/old-sagnlandet.dev.stom.dk\/about-lejre-land-of-legends\/"},"modified":"2024-06-06T13:18:51","modified_gmt":"2024-06-06T11:18:51","slug":"a-propos-de-lejre-land-of-legends","status":"publish","type":"page","link":"https:\/\/old-sagnlandet.dev.stom.dk\/fr\/a-propos-de-lejre-land-of-legends\/","title":{"rendered":"\u00c0 propos de Lejre Land of Legends"},"content":{"rendered":"<h3>Centre de recherche et destination touristique<\/h3>\n<p>Lejre Land of Legends est fond\u00e9 en 1964 afin de mettre \u00e0 jour de nouvelles connaissances sur notre pass\u00e9 \u00e0 travers des exp\u00e9rimentations.<\/p>\n<p>En plus de \u00e7a, Lejre Land of Legends est une destination int\u00e9ressante et sp\u00e9ciale pour toute la famille. Ici, vous trouverez des b\u00e2timents et environnements de l&rsquo;\u00e2ge de pierre, de fer, de l&rsquo;\u00e8re viking et du 19e si\u00e8cle, ainsi que des ateliers textile et de potterie. Nos animaux sont repr\u00e9sentent aussi le pass\u00e9, \u00e9tant donn\u00e9 que nous avons des races anciennes. Tout ceci rentre dans nos 43 hectares de nature unique avec collines, for\u00eat, lacs et chemins.<\/p>\n<h3>Le but de Lejre Land of Legends<\/h3>\n<p>Le but principale de Lejre Land of Legends est la fusion de recherche et d&rsquo;enseignement au public, ce qui est ciment\u00e9 dans le \u00a7 2. des status de Lejre Land of Legends:<\/p>\n<p><em>\u00ab\u00a0Le but de Lejre Land of Legends est de g\u00e9rer un centre de recherche pour mener des exp\u00e9riences ethnologiques, historiques et arch\u00e9ologiques, la mise en oeuvre de t\u00e2ches de recherche connexes et de transmettre les r\u00e9sultats par des voies scientifiques et par une diffusion et un enseignement actif.<\/em><em>\u00ab\u00a0<\/em><\/p>\n<p><em>(\u00ab\u00a0Sagnlandet Lejres form\u00e5l er at drive et forskningscenter for udf\u00f8relse af etnologiske, historiske og ark\u00e6ologiske eksperimenter, gennemf\u00f8relse af hertilh\u00f8rende forskningsopgaver og at viderebringe resultaterne gennem videnskabelige kanaler og gennem aktiv formidling og undervisning.\u00a0\u00bb)<\/em><\/p>\n<p>La r\u00e9alisation qualifi\u00e9e de cet objectif est assur\u00e9e par la gestion de Lejre Land of Legends et par une \u00e9quipe de personnel form\u00e9e professionnellement dans des mati\u00e8res acad\u00e9miques, techniques et artisanales telles que l&rsquo;arch\u00e9ologie, l&rsquo;histoire, la communication, la didactique, la p\u00e9dagogie, l&rsquo;am\u00e9nagement paysager, l&rsquo;artisanat textile, la poterie, la forge et le cin\u00e9ma. En embauchant une \u00e9quipe d&rsquo;instructeurs constitu\u00e9e de professionnels mais aussi d&rsquo;\u00e9tudiants dans ces m\u00eames disciplines assure un contact constant avec le secteur \u00e9ducatif et les id\u00e9es et d\u00e9velopemments qui y circulent.<\/p>\n<p>Le directeur r\u00e9f\u00e8re \u00e0 un conseil d&rsquo;administration comp\u00e9tent compos\u00e9 de chercheurs, hommes politiques et hommes d&rsquo;affaires.<\/p>\n<p>Afin de rester concentr\u00e9s sur notre travail quotidien, la clause d&rsquo;objet dans nos status a \u00e9t\u00e9 traduite en d\u00e9finitions et formules plus inspirantes: nous avons une mission, une vision et des valeurs pr\u00e9cises.<\/p>\n<h3>Sa Majest\u00e9 la Reine Margrethe est notre m\u00e9c\u00e8ne<\/h3>\n<p>En 2003, Sa Majest\u00e9 la Reine s&rsquo;est engag\u00e9e \u00e0 devenir m\u00e9c\u00e8ne en reconnaissance des nombreuses ann\u00e9es d&rsquo;efforts \u00e0 Lejre Land of Legends pour la recherche arch\u00e9ologique exp\u00e9rimentale, l&rsquo;enseignement et l&rsquo;\u00e9ducation du public.<\/p>\n<h3>Le concept de Lejre Land of Legends<\/h3>\n<p>Le coeur du concept et des activit\u00e9s de Lejre Land of Legends sont des exp\u00e9riences culturelles et naturelles. Une visite \u00e0 Lejre Land of Legends est une exp\u00e9rience pour tous vos sense, o\u00f9 les yeux, le nez, la bouche, les mains et les pieds sont activ\u00e9s. Que vous choisissiez une balade seul dans les environnements reconstruits de l&rsquo;\u00e2ge de pierre, fer, l&rsquo;\u00e8re viking ou \u00e0 travers nos environnements du 19e si\u00e8cle, vous pourrez assister \u00e0 une large palette d&rsquo;activit\u00e9s, prendre part \u00e0 une exp\u00e9rience d&rsquo;enseignement. De cette fa\u00e7on, les d\u00e9fis pour votre esprit et votre corps occuperont une place centrale dans votre exp\u00e9rience.<\/p>\n<p>Afin de garantir une exp\u00e9rience publique agr\u00e9able, nous insistons sur le suivant:<\/p>\n<ul>\n<li>Dialogue &#8211; cela cr\u00e9e l&rsquo;exp\u00e9rience individuelle. Les conversations entre employ\u00e9s et invit\u00e9s invitent \u00e0 la discussion et \u00e0 mettre en lumi\u00e8re de nouveaux sujets et de nouveaux angles sur la situation actuelle.<\/li>\n<li>Participation active &#8211; ceci assure l&rsquo;exp\u00e9rience personnelle. La participation active des invit\u00e9s leur permet de s&rsquo;impliquer dans la vie du pass\u00e9 directement. Qu&rsquo;est-ce qui \u00e9tait difficile, bon et\/ou mauvais? Une exp\u00e9rience concr\u00e8te permet de mettre \u00e0 jour les limites de nos connaissances contemporaines et de notre savoir-faire. Mais c&rsquo;est aussi une fa\u00e7on d&rsquo;inciter la curiosit\u00e9 sur notre pass\u00e9 commun.<\/li>\n<li>Donner vie \u00e0 notre pass\u00e9 &#8211; cela stimule l&rsquo;imagionation de notre visiteurs. En donnant vie \u00e0 notre pass\u00e9, nous avons une opportunit\u00e9 de communiquer les points forts et faibles, ainsi que les d\u00e9veloppements de la recherche actuelle tout en donnant aux visiteurs une chance de se cr\u00e9er une id\u00e9e critique sur notre interpr\u00e9tation moderne du pass\u00e9.<\/li>\n<\/ul>\n<p>Cette forme de communication activante \u00e0 Lejre Land of Legends aide aussi les personnes qui ne sont pas acad\u00e9miques \u00e0 avoir une exp\u00e9rience r\u00e9ussie en d\u00e9pliant leur abiliti\u00e9s cr\u00e9atives, leur dext\u00e9rit\u00e9 et physiques.<\/p>\n<p>C&rsquo;est ce qui fait l&rsquo;Histoire Vivante \u00e0 Lejre Land of Legends.<\/p>\n","protected":false},"excerpt":{"rendered":"<p>Centre de recherche et destination touristique Lejre Land of Legends est fond\u00e9 en 1964 afin de mettre \u00e0 jour de nouvelles connaissances sur notre pass\u00e9 \u00e0 travers des exp\u00e9rimentations. En plus de \u00e7a, Lejre Land of Legends est une destination int\u00e9ressante et sp\u00e9ciale pour toute la famille. Ici, vous trouverez des b\u00e2timents et environnements de [&hellip;]<\/p>\n","protected":false},"author":1,"featured_media":0,"parent":0,"menu_order":0,"comment_status":"closed","ping_status":"closed","template":"","meta":{"footnotes":""},"yoast_head":"<!-- This site is optimized with the Yoast SEO plugin v14.3 - https:\/\/yoast.com\/wordpress\/plugins\/seo\/ -->\n<meta name=\"description\" content=\"Vil du vide mere omkring Sagnlandet Lejre som organisation, kan du her l\u00e6se dig frem til at den information du har brug for.\" \/>\n<meta name=\"robots\" content=\"noindex, follow\" \/>\n<meta property=\"og:locale\" content=\"fr_FR\" \/>\n<meta property=\"og:type\" content=\"article\" \/>\n<meta property=\"og:title\" content=\"\u00c0 propos de Lejre Land of Legends - Sagnlandet Lejre - Historisk-Ark\u00e6ologisk Forsknings- og Formidlingscenter\" \/>\n<meta property=\"og:description\" content=\"Vil du vide mere omkring Sagnlandet Lejre som organisation, kan du her l\u00e6se dig frem til at den information du har brug for.\" \/>\n<meta property=\"og:url\" content=\"https:\/\/old-sagnlandet.dev.stom.dk\/fr\/a-propos-de-lejre-land-of-legends\/\" \/>\n<meta property=\"og:site_name\" content=\"Sagnlandet Lejre - Historisk-Ark\u00e6ologisk Forsknings- og Formidlingscenter\" \/>\n<meta property=\"article:modified_time\" content=\"2024-06-06T11:18:51+00:00\" \/>\n<meta name=\"twitter:card\" content=\"summary\" \/>\n<script type=\"application\/ld+json\" class=\"yoast-schema-graph\">{\"@context\":\"https:\/\/schema.org\",\"@graph\":[{\"@type\":\"WebSite\",\"@id\":\"https:\/\/old-sagnlandet.dev.stom.dk\/fr\/#website\",\"url\":\"https:\/\/old-sagnlandet.dev.stom.dk\/fr\/\",\"name\":\"Sagnlandet Lejre - Historisk-Ark\\u00e6ologisk Forsknings- og Formidlingscenter\",\"description\":\"\",\"potentialAction\":[{\"@type\":\"SearchAction\",\"target\":\"https:\/\/old-sagnlandet.dev.stom.dk\/fr\/?s={search_term_string}\",\"query-input\":\"required name=search_term_string\"}],\"inLanguage\":\"fr-FR\"},{\"@type\":\"WebPage\",\"@id\":\"https:\/\/old-sagnlandet.dev.stom.dk\/fr\/a-propos-de-lejre-land-of-legends\/#webpage\",\"url\":\"https:\/\/old-sagnlandet.dev.stom.dk\/fr\/a-propos-de-lejre-land-of-legends\/\",\"name\":\"\\u00c0 propos de Lejre Land of Legends - Sagnlandet Lejre - Historisk-Ark\\u00e6ologisk Forsknings- og Formidlingscenter\",\"isPartOf\":{\"@id\":\"https:\/\/old-sagnlandet.dev.stom.dk\/fr\/#website\"},\"datePublished\":\"2019-10-14T11:40:27+00:00\",\"dateModified\":\"2024-06-06T11:18:51+00:00\",\"description\":\"Vil du vide mere omkring Sagnlandet Lejre som organisation, kan du her l\\u00e6se dig frem til at den information du har brug for.\",\"inLanguage\":\"fr-FR\",\"potentialAction\":[{\"@type\":\"ReadAction\",\"target\":[\"https:\/\/old-sagnlandet.dev.stom.dk\/fr\/a-propos-de-lejre-land-of-legends\/\"]}]}]}<\/script>\n<!-- \/ Yoast SEO plugin. -->","_links":{"self":[{"href":"https:\/\/old-sagnlandet.dev.stom.dk\/fr\/wp-json\/wp\/v2\/pages\/48771"}],"collection":[{"href":"https:\/\/old-sagnlandet.dev.stom.dk\/fr\/wp-json\/wp\/v2\/pages"}],"about":[{"href":"https:\/\/old-sagnlandet.dev.stom.dk\/fr\/wp-json\/wp\/v2\/types\/page"}],"author":[{"embeddable":true,"href":"https:\/\/old-sagnlandet.dev.stom.dk\/fr\/wp-json\/wp\/v2\/users\/1"}],"replies":[{"embeddable":true,"href":"https:\/\/old-sagnlandet.dev.stom.dk\/fr\/wp-json\/wp\/v2\/comments?post=48771"}],"version-history":[{"count":6,"href":"https:\/\/old-sagnlandet.dev.stom.dk\/fr\/wp-json\/wp\/v2\/pages\/48771\/revisions"}],"predecessor-version":[{"id":60978,"href":"https:\/\/old-sagnlandet.dev.stom.dk\/fr\/wp-json\/wp\/v2\/pages\/48771\/revisions\/60978"}],"wp:attachment":[{"href":"https:\/\/old-sagnlandet.dev.stom.dk\/fr\/wp-json\/wp\/v2\/media?parent=48771"}],"curies":[{"name":"wp","href":"https:\/\/api.w.org\/{rel}","templated":true}]}}