{"id":48769,"date":"2019-10-14T11:38:49","date_gmt":"2019-10-14T11:38:49","guid":{"rendered":"https:\/\/old-sagnlandet.dev.stom.dk\/oplevelser\/"},"modified":"2022-11-28T09:49:14","modified_gmt":"2022-11-28T08:49:14","slug":"experiences","status":"publish","type":"page","link":"https:\/\/old-sagnlandet.dev.stom.dk\/fr\/experiences\/","title":{"rendered":"Exp\u00e9riences"},"content":{"rendered":"<h4>Bienvenue \u00e0 Lejre Land of Legends!<\/h4>\n<p>Lejre Land of Legends est une attraction touristique atmosph\u00e9rique et passionnante pour toute la famille. 10.000 ans d&rsquo;histoire danois reviennent \u00e0 la vie. Vous trouverez des maisons et environnements de l&rsquo;\u00e2ge de pierre, de fer, de l&rsquo;\u00e8re viking et du XVIII si\u00e8cle, ainsi que des ateliers historiques et animaux domestiques, situ\u00e9s dans le magnifique paysage historique pr\u00e8s de Roskilde.<\/p>\n<p>Vous passerez une journ\u00e9e remplie d&rsquo;exp\u00e9riences pour tous les sense avec de nombreuses animations ludiques et stimulantes pour petits et grands toute la saison (<a href=\"https:\/\/old-sagnlandet.dev.stom.dk\/fr\/horaires-d-ouverture\/\">voir nos horaires d&rsquo;ouverture<\/a>). Baladez vous dans 43 hectares d&rsquo;espace et de tranquillit\u00e9 pour profiter d&rsquo;un voyage dans le pass\u00e9.<\/p>\n<p>Nous avons un parking avec plus de 300 voitures \u00e0 l&rsquo;entr\u00e9e.<\/p>\n<p>\u00c0 Lejre Land of Legends, vous pouvez \u00e9galement apporter votre panier pique-nique. Votre chien est le bienvenu aussi, tant que vous le tenez en laisse pendant la totalit\u00e9 de votre visite. Si vous \u00eates en fauteuil roulant, merci de nous contacter avant votre arriv\u00e9e ou de consulter <a href=\"https:\/\/old-sagnlandet.dev.stom.dk\/fr\/accessibilite\/\">notre guide pour personne en situation de handicap ici<\/a>.<\/p>\n<p>Lejre Land of Legends a \u00e9t\u00e9 cr\u00e9e en 1964 en tant que centre exp\u00e9rimental d&rsquo;\u00e9tudes dans le domaine de l&rsquo;histoire et de l&rsquo;arch\u00e9ologie. Tous les b\u00e9n\u00e9fices vont \u00e0 la recherche, aux arrangements et \u00e0 l&rsquo;\u00e9ducation concernant le pass\u00e9.<\/p>\n<p><a href=\"https:\/\/old-sagnlandet.dev.stom.dk\/fr\/programme\/\">Trouvez notre programme quotidien ici<\/a>.<\/p>\n<p>&nbsp;<\/p>\n","protected":false},"excerpt":{"rendered":"<p>Bienvenue \u00e0 Lejre Land of Legends! Lejre Land of Legends est une attraction touristique atmosph\u00e9rique et passionnante pour toute la famille. 10.000 ans d&rsquo;histoire danois reviennent \u00e0 la vie. Vous trouverez des maisons et environnements de l&rsquo;\u00e2ge de pierre, de fer, de l&rsquo;\u00e8re viking et du XVIII si\u00e8cle, ainsi que des ateliers historiques et animaux [&hellip;]<\/p>\n","protected":false},"author":1,"featured_media":0,"parent":0,"menu_order":0,"comment_status":"closed","ping_status":"closed","template":"","meta":{"footnotes":""},"yoast_head":"<!-- This site is optimized with the Yoast SEO plugin v14.3 - https:\/\/yoast.com\/wordpress\/plugins\/seo\/ -->\n<meta name=\"description\" content=\"Visitez nous et d\u00e9couvrez l&#039;Histoire en voyageant dans le temps, du XVIII si\u00e8cle jusqu&#039;\u00e0 l&#039;\u00e2ge de pierre, en passant par l&#039;\u00e8re viking et l&#039;\u00e2ge de fer.\" \/>\n<meta name=\"robots\" content=\"noindex, follow\" \/>\n<meta property=\"og:locale\" content=\"fr_FR\" \/>\n<meta property=\"og:type\" content=\"article\" \/>\n<meta property=\"og:title\" content=\"Exp\u00e9riences - Sagnlandet Lejre - Historisk-Ark\u00e6ologisk Forsknings- og Formidlingscenter\" \/>\n<meta property=\"og:description\" content=\"Visitez nous et d\u00e9couvrez l&#039;Histoire en voyageant dans le temps, du XVIII si\u00e8cle jusqu&#039;\u00e0 l&#039;\u00e2ge de pierre, en passant par l&#039;\u00e8re viking et l&#039;\u00e2ge de fer.\" \/>\n<meta property=\"og:url\" content=\"https:\/\/old-sagnlandet.dev.stom.dk\/fr\/experiences\/\" \/>\n<meta property=\"og:site_name\" content=\"Sagnlandet Lejre - Historisk-Ark\u00e6ologisk Forsknings- og Formidlingscenter\" \/>\n<meta property=\"article:modified_time\" content=\"2022-11-28T08:49:14+00:00\" \/>\n<meta name=\"twitter:card\" content=\"summary\" \/>\n<script type=\"application\/ld+json\" class=\"yoast-schema-graph\">{\"@context\":\"https:\/\/schema.org\",\"@graph\":[{\"@type\":\"WebSite\",\"@id\":\"https:\/\/old-sagnlandet.dev.stom.dk\/fr\/#website\",\"url\":\"https:\/\/old-sagnlandet.dev.stom.dk\/fr\/\",\"name\":\"Sagnlandet Lejre - Historisk-Ark\\u00e6ologisk Forsknings- og Formidlingscenter\",\"description\":\"\",\"potentialAction\":[{\"@type\":\"SearchAction\",\"target\":\"https:\/\/old-sagnlandet.dev.stom.dk\/fr\/?s={search_term_string}\",\"query-input\":\"required name=search_term_string\"}],\"inLanguage\":\"fr-FR\"},{\"@type\":\"WebPage\",\"@id\":\"https:\/\/old-sagnlandet.dev.stom.dk\/fr\/experiences\/#webpage\",\"url\":\"https:\/\/old-sagnlandet.dev.stom.dk\/fr\/experiences\/\",\"name\":\"Exp\\u00e9riences - Sagnlandet Lejre - Historisk-Ark\\u00e6ologisk Forsknings- og Formidlingscenter\",\"isPartOf\":{\"@id\":\"https:\/\/old-sagnlandet.dev.stom.dk\/fr\/#website\"},\"datePublished\":\"2019-10-14T11:38:49+00:00\",\"dateModified\":\"2022-11-28T08:49:14+00:00\",\"description\":\"Visitez nous et d\\u00e9couvrez l'Histoire en voyageant dans le temps, du XVIII si\\u00e8cle jusqu'\\u00e0 l'\\u00e2ge de pierre, en passant par l'\\u00e8re viking et l'\\u00e2ge de fer.\",\"inLanguage\":\"fr-FR\",\"potentialAction\":[{\"@type\":\"ReadAction\",\"target\":[\"https:\/\/old-sagnlandet.dev.stom.dk\/fr\/experiences\/\"]}]}]}<\/script>\n<!-- \/ Yoast SEO plugin. -->","_links":{"self":[{"href":"https:\/\/old-sagnlandet.dev.stom.dk\/fr\/wp-json\/wp\/v2\/pages\/48769"}],"collection":[{"href":"https:\/\/old-sagnlandet.dev.stom.dk\/fr\/wp-json\/wp\/v2\/pages"}],"about":[{"href":"https:\/\/old-sagnlandet.dev.stom.dk\/fr\/wp-json\/wp\/v2\/types\/page"}],"author":[{"embeddable":true,"href":"https:\/\/old-sagnlandet.dev.stom.dk\/fr\/wp-json\/wp\/v2\/users\/1"}],"replies":[{"embeddable":true,"href":"https:\/\/old-sagnlandet.dev.stom.dk\/fr\/wp-json\/wp\/v2\/comments?post=48769"}],"version-history":[{"count":2,"href":"https:\/\/old-sagnlandet.dev.stom.dk\/fr\/wp-json\/wp\/v2\/pages\/48769\/revisions"}],"predecessor-version":[{"id":52411,"href":"https:\/\/old-sagnlandet.dev.stom.dk\/fr\/wp-json\/wp\/v2\/pages\/48769\/revisions\/52411"}],"wp:attachment":[{"href":"https:\/\/old-sagnlandet.dev.stom.dk\/fr\/wp-json\/wp\/v2\/media?parent=48769"}],"curies":[{"name":"wp","href":"https:\/\/api.w.org\/{rel}","templated":true}]}}