{"id":48766,"date":"2019-10-23T12:23:44","date_gmt":"2019-10-23T12:23:44","guid":{"rendered":"https:\/\/old-sagnlandet.dev.stom.dk\/parking\/"},"modified":"2022-11-24T14:56:36","modified_gmt":"2022-11-24T13:56:36","slug":"parking","status":"publish","type":"page","link":"https:\/\/old-sagnlandet.dev.stom.dk\/fr\/parking\/","title":{"rendered":"Parking"},"content":{"rendered":"<div  class='stom-cols-7'>\n<p><img loading=\"lazy\" decoding=\"async\" class=\"alignnone wp-image-13429 size-full\" src=\"https:\/\/old-sagnlandet.dev.stom.dk\/wp-content\/uploads\/2020\/01\/luft-maj-2012-01.jpg\" alt=\"\" width=\"2700\" height=\"1800\" srcset=\"https:\/\/old-sagnlandet.dev.stom.dk\/wp-content\/uploads\/2020\/01\/luft-maj-2012-01.jpg 2700w, https:\/\/old-sagnlandet.dev.stom.dk\/wp-content\/uploads\/2020\/01\/luft-maj-2012-01-300x200.jpg 300w, https:\/\/old-sagnlandet.dev.stom.dk\/wp-content\/uploads\/2020\/01\/luft-maj-2012-01-1920x1280.jpg 1920w, https:\/\/old-sagnlandet.dev.stom.dk\/wp-content\/uploads\/2020\/01\/luft-maj-2012-01-600x400.jpg 600w\" sizes=\"(max-width: 2700px) 100vw, 2700px\" \/><\/p>\n<\/div>\n<div  class='last stom-cols-5'>\n<h4 style=\"text-align: center;\">\u22c6 300 PLACES DE PARKING GRATUITES &#8211; JUSTE \u00c0 L&rsquo;ENTR\u00c9E<\/h4>\n<p>Lejre Land of Legends se trouve au milieu des collines du Sealand, \u00e0 seulement sept kilom\u00e8tres de Roskilde. Vous pouvez arriver \u00e0 nos portes en moins d&rsquo;une heure depuis n&rsquo;importe o\u00f9 sur le Sealand.<\/p>\n<p>Il y a de quoi faire pour trouver une place de parking, car Lejre Land of Legends poss\u00e8de 300 places de parking juste \u00e0 l&rsquo;entr\u00e9e, sur un parking en graviers. Le parking est gratuit.<\/p>\n<p>En plus de cela, nous avons un parking \u00e0 v\u00e9lo d\u00e9di\u00e9, si vous venez chez nous sur deux roues.<\/p>\n<p>Nous n&rsquo;avons \u00e0 l&rsquo;heure actuelle pas de parking d\u00e9di\u00e9 \u00e0 la moto.<\/p>\n<p><em><strong>Il y a aussi de la place pour les bus touristiques.<br \/>\n<\/strong><\/em><\/p>\n<p>&nbsp;<\/p>\n<p style=\"text-align: right;\"><em>Mis \u00e0 jour le 24 novembre 2022<\/em><\/p>\n<\/div>\n<p>&nbsp;<\/p>\n","protected":false},"excerpt":{"rendered":"<p>&nbsp;<\/p>\n","protected":false},"author":1,"featured_media":0,"parent":0,"menu_order":0,"comment_status":"closed","ping_status":"closed","template":"","meta":{"footnotes":""},"yoast_head":"<!-- This site is optimized with the Yoast SEO plugin v14.3 - https:\/\/yoast.com\/wordpress\/plugins\/seo\/ -->\n<meta name=\"description\" content=\"Hvis du skal bes\u00f8ge Sagnlandet Lejre og kommer i din egen bil, s\u00e5 bare rolig. Vi har parkeringspladser tilg\u00e6ngelige ude foran vores omr\u00e5de.\" \/>\n<meta name=\"robots\" content=\"noindex, follow\" \/>\n<meta property=\"og:locale\" content=\"fr_FR\" \/>\n<meta property=\"og:type\" content=\"article\" \/>\n<meta property=\"og:title\" content=\"Parking - Sagnlandet Lejre - Historisk-Ark\u00e6ologisk Forsknings- og Formidlingscenter\" \/>\n<meta property=\"og:description\" content=\"Hvis du skal bes\u00f8ge Sagnlandet Lejre og kommer i din egen bil, s\u00e5 bare rolig. Vi har parkeringspladser tilg\u00e6ngelige ude foran vores omr\u00e5de.\" \/>\n<meta property=\"og:url\" content=\"https:\/\/old-sagnlandet.dev.stom.dk\/fr\/parking\/\" \/>\n<meta property=\"og:site_name\" content=\"Sagnlandet Lejre - Historisk-Ark\u00e6ologisk Forsknings- og Formidlingscenter\" \/>\n<meta property=\"article:modified_time\" content=\"2022-11-24T13:56:36+00:00\" \/>\n<meta property=\"og:image\" content=\"https:\/\/old-sagnlandet.dev.stom.dk\/wp-content\/uploads\/2020\/01\/luft-maj-2012-01.jpg\" \/>\n<meta name=\"twitter:card\" content=\"summary\" \/>\n<script type=\"application\/ld+json\" class=\"yoast-schema-graph\">{\"@context\":\"https:\/\/schema.org\",\"@graph\":[{\"@type\":\"WebSite\",\"@id\":\"https:\/\/old-sagnlandet.dev.stom.dk\/fr\/#website\",\"url\":\"https:\/\/old-sagnlandet.dev.stom.dk\/fr\/\",\"name\":\"Sagnlandet Lejre - Historisk-Ark\\u00e6ologisk Forsknings- og Formidlingscenter\",\"description\":\"\",\"potentialAction\":[{\"@type\":\"SearchAction\",\"target\":\"https:\/\/old-sagnlandet.dev.stom.dk\/fr\/?s={search_term_string}\",\"query-input\":\"required name=search_term_string\"}],\"inLanguage\":\"fr-FR\"},{\"@type\":\"ImageObject\",\"@id\":\"https:\/\/old-sagnlandet.dev.stom.dk\/fr\/parking\/#primaryimage\",\"inLanguage\":\"fr-FR\",\"url\":\"https:\/\/old-sagnlandet.dev.stom.dk\/wp-content\/uploads\/2020\/01\/luft-maj-2012-01.jpg\",\"width\":2700,\"height\":1800},{\"@type\":\"WebPage\",\"@id\":\"https:\/\/old-sagnlandet.dev.stom.dk\/fr\/parking\/#webpage\",\"url\":\"https:\/\/old-sagnlandet.dev.stom.dk\/fr\/parking\/\",\"name\":\"Parking - Sagnlandet Lejre - Historisk-Ark\\u00e6ologisk Forsknings- og Formidlingscenter\",\"isPartOf\":{\"@id\":\"https:\/\/old-sagnlandet.dev.stom.dk\/fr\/#website\"},\"primaryImageOfPage\":{\"@id\":\"https:\/\/old-sagnlandet.dev.stom.dk\/fr\/parking\/#primaryimage\"},\"datePublished\":\"2019-10-23T12:23:44+00:00\",\"dateModified\":\"2022-11-24T13:56:36+00:00\",\"description\":\"Hvis du skal bes\\u00f8ge Sagnlandet Lejre og kommer i din egen bil, s\\u00e5 bare rolig. Vi har parkeringspladser tilg\\u00e6ngelige ude foran vores omr\\u00e5de.\",\"inLanguage\":\"fr-FR\",\"potentialAction\":[{\"@type\":\"ReadAction\",\"target\":[\"https:\/\/old-sagnlandet.dev.stom.dk\/fr\/parking\/\"]}]}]}<\/script>\n<!-- \/ Yoast SEO plugin. -->","_links":{"self":[{"href":"https:\/\/old-sagnlandet.dev.stom.dk\/fr\/wp-json\/wp\/v2\/pages\/48766"}],"collection":[{"href":"https:\/\/old-sagnlandet.dev.stom.dk\/fr\/wp-json\/wp\/v2\/pages"}],"about":[{"href":"https:\/\/old-sagnlandet.dev.stom.dk\/fr\/wp-json\/wp\/v2\/types\/page"}],"author":[{"embeddable":true,"href":"https:\/\/old-sagnlandet.dev.stom.dk\/fr\/wp-json\/wp\/v2\/users\/1"}],"replies":[{"embeddable":true,"href":"https:\/\/old-sagnlandet.dev.stom.dk\/fr\/wp-json\/wp\/v2\/comments?post=48766"}],"version-history":[{"count":2,"href":"https:\/\/old-sagnlandet.dev.stom.dk\/fr\/wp-json\/wp\/v2\/pages\/48766\/revisions"}],"predecessor-version":[{"id":52369,"href":"https:\/\/old-sagnlandet.dev.stom.dk\/fr\/wp-json\/wp\/v2\/pages\/48766\/revisions\/52369"}],"wp:attachment":[{"href":"https:\/\/old-sagnlandet.dev.stom.dk\/fr\/wp-json\/wp\/v2\/media?parent=48766"}],"curies":[{"name":"wp","href":"https:\/\/api.w.org\/{rel}","templated":true}]}}