{"id":48763,"date":"2019-10-23T12:16:23","date_gmt":"2019-10-23T12:16:23","guid":{"rendered":"https:\/\/old-sagnlandet.dev.stom.dk\/find-your-way\/"},"modified":"2023-03-02T12:32:57","modified_gmt":"2023-03-02T11:32:57","slug":"find-your-way","status":"publish","type":"page","link":"https:\/\/old-sagnlandet.dev.stom.dk\/fr\/find-your-way\/","title":{"rendered":"Comment nous trouver?"},"content":{"rendered":"","protected":false},"excerpt":{"rendered":"","protected":false},"author":1,"featured_media":0,"parent":0,"menu_order":0,"comment_status":"closed","ping_status":"closed","template":"","meta":{"footnotes":""},"yoast_head":"<!-- This site is optimized with the Yoast SEO plugin v14.3 - https:\/\/yoast.com\/wordpress\/plugins\/seo\/ -->\n<meta name=\"description\" content=\"Til dig der aldrig har v\u00e6ret i Sagnlandet Lejre f\u00f8r: her finder du forskellige ruter og muligheder, for at komme frem til os for enden af Slangeall\u00e9en.\" \/>\n<meta name=\"robots\" content=\"noindex, follow\" \/>\n<meta property=\"og:locale\" content=\"fr_FR\" \/>\n<meta property=\"og:type\" content=\"article\" \/>\n<meta property=\"og:title\" content=\"Comment nous trouver? - Sagnlandet Lejre - Historisk-Ark\u00e6ologisk Forsknings- og Formidlingscenter\" \/>\n<meta property=\"og:description\" content=\"Til dig der aldrig har v\u00e6ret i Sagnlandet Lejre f\u00f8r: her finder du forskellige ruter og muligheder, for at komme frem til os for enden af Slangeall\u00e9en.\" \/>\n<meta property=\"og:url\" content=\"https:\/\/old-sagnlandet.dev.stom.dk\/fr\/find-your-way\/\" \/>\n<meta property=\"og:site_name\" content=\"Sagnlandet Lejre - Historisk-Ark\u00e6ologisk Forsknings- og Formidlingscenter\" \/>\n<meta property=\"article:modified_time\" content=\"2023-03-02T11:32:57+00:00\" \/>\n<meta name=\"twitter:card\" content=\"summary\" \/>\n<script type=\"application\/ld+json\" class=\"yoast-schema-graph\">{\"@context\":\"https:\/\/schema.org\",\"@graph\":[{\"@type\":\"WebSite\",\"@id\":\"https:\/\/old-sagnlandet.dev.stom.dk\/fr\/#website\",\"url\":\"https:\/\/old-sagnlandet.dev.stom.dk\/fr\/\",\"name\":\"Sagnlandet Lejre - Historisk-Ark\\u00e6ologisk Forsknings- og Formidlingscenter\",\"description\":\"\",\"potentialAction\":[{\"@type\":\"SearchAction\",\"target\":\"https:\/\/old-sagnlandet.dev.stom.dk\/fr\/?s={search_term_string}\",\"query-input\":\"required name=search_term_string\"}],\"inLanguage\":\"fr-FR\"},{\"@type\":\"WebPage\",\"@id\":\"https:\/\/old-sagnlandet.dev.stom.dk\/fr\/find-your-way\/#webpage\",\"url\":\"https:\/\/old-sagnlandet.dev.stom.dk\/fr\/find-your-way\/\",\"name\":\"Comment nous trouver? - Sagnlandet Lejre - Historisk-Ark\\u00e6ologisk Forsknings- og Formidlingscenter\",\"isPartOf\":{\"@id\":\"https:\/\/old-sagnlandet.dev.stom.dk\/fr\/#website\"},\"datePublished\":\"2019-10-23T12:16:23+00:00\",\"dateModified\":\"2023-03-02T11:32:57+00:00\",\"description\":\"Til dig der aldrig har v\\u00e6ret i Sagnlandet Lejre f\\u00f8r: her finder du forskellige ruter og muligheder, for at komme frem til os for enden af Slangeall\\u00e9en.\",\"inLanguage\":\"fr-FR\",\"potentialAction\":[{\"@type\":\"ReadAction\",\"target\":[\"https:\/\/old-sagnlandet.dev.stom.dk\/fr\/find-your-way\/\"]}]}]}<\/script>\n<!-- \/ Yoast SEO plugin. -->","_links":{"self":[{"href":"https:\/\/old-sagnlandet.dev.stom.dk\/fr\/wp-json\/wp\/v2\/pages\/48763"}],"collection":[{"href":"https:\/\/old-sagnlandet.dev.stom.dk\/fr\/wp-json\/wp\/v2\/pages"}],"about":[{"href":"https:\/\/old-sagnlandet.dev.stom.dk\/fr\/wp-json\/wp\/v2\/types\/page"}],"author":[{"embeddable":true,"href":"https:\/\/old-sagnlandet.dev.stom.dk\/fr\/wp-json\/wp\/v2\/users\/1"}],"replies":[{"embeddable":true,"href":"https:\/\/old-sagnlandet.dev.stom.dk\/fr\/wp-json\/wp\/v2\/comments?post=48763"}],"version-history":[{"count":3,"href":"https:\/\/old-sagnlandet.dev.stom.dk\/fr\/wp-json\/wp\/v2\/pages\/48763\/revisions"}],"predecessor-version":[{"id":54038,"href":"https:\/\/old-sagnlandet.dev.stom.dk\/fr\/wp-json\/wp\/v2\/pages\/48763\/revisions\/54038"}],"wp:attachment":[{"href":"https:\/\/old-sagnlandet.dev.stom.dk\/fr\/wp-json\/wp\/v2\/media?parent=48763"}],"curies":[{"name":"wp","href":"https:\/\/api.w.org\/{rel}","templated":true}]}}