{"id":14850,"date":"2020-02-08T21:46:53","date_gmt":"2020-02-08T21:46:53","guid":{"rendered":"https:\/\/old-sagnlandet.dev.stom.dk?page_id=14850"},"modified":"2023-08-11T09:50:46","modified_gmt":"2023-08-11T08:50:46","slug":"season-highlights","status":"publish","type":"page","link":"https:\/\/old-sagnlandet.dev.stom.dk\/en\/season-highlights\/","title":{"rendered":"Season Highlights"},"content":{"rendered":"<span  class='btn btn-dagsprogram'>\n<p><a href=\"https:\/\/old-sagnlandet.dev.stom.dk\/en\/daily-schedule\">Switch to Daily schedule<\/a><\/p>\n<\/span>\n<!-- EventON Calendar --><div id='evcal_calendar_521' class='list_cal ajde_evcal_calendar boxy color tbg1 boxstyle1 box_3 ul ' ><div id='evcal_head' class='calendar_header evcal_nosort' ><div class='evo_cal_above'><span class='evo-gototoday-btn' style='display:none' data-mo='4' data-yr='2026' data-dy=''>G\u00e5 til aktuel m\u00e5ned<\/span><\/div><div class='evo_cal_above_content'><\/div><\/div><div class='eventon_sorting_section' style='display:none'><div class='eventon_filter_line ' data-filter_type='default'><div class='eventon_filter evo_sortOpt evo_sortList_event_type' data-filter_field=\"event_type\" data-filter_type=\"tax\" data-filter_val=\"302\" data-fldef=\"302\" data-notvals=\"[]\" data-invals=\"[&quot;302&quot;]\" >\n\t\t\t\t\t\t\t\t\t<p class='filtering_set_val'>Event Type <em class='fa fa-check'><\/em><\/p>\n\t\t\t\t\t\t\t\t\t<div class='eventon_filter_dropdown' style='display:none'><p class='evo_filter_val  all' data-filter_val='all'>All<\/p><p class='evo_filter_val  event_type_518 2023 ' data-filter_val='518' data-filter_slug='2023'>2023<\/p><p class='evo_filter_val  event_type_528 2023-en ' data-filter_val='528' data-filter_slug='2023-en'>2023 en<\/p><p class='evo_filter_val  event_type_330 activities ' data-filter_val='330' data-filter_slug='activities'>Activities<\/p><p class='evo_filter_val  event_type_360 activities-en ' data-filter_val='360' data-filter_slug='activities-en'>Activities-en<\/p><p class='evo_filter_val  event_type_273 test ' data-filter_val='273' data-filter_slug='test'>test<\/p><p class='evo_filter_val  event_type_455 baaldal ' data-filter_val='455' data-filter_slug='baaldal'>B\u00e5ldal<\/p><p class='evo_filter_val  event_type_512 christmas ' data-filter_val='512' data-filter_slug='christmas'>Christmas<\/p><p class='evo_filter_val  event_type_368 corona ' data-filter_val='368' data-filter_slug='corona'>Corona<\/p><p class='evo_filter_val  event_type_415 corona-en ' data-filter_val='415' data-filter_slug='corona-en'>Corona<\/p><p class='evo_filter_val  event_type_416 corona-en-2 ' data-filter_val='416' data-filter_slug='corona-en-2'>Corona EN<\/p><p class='evo_filter_val  event_type_417 corona-en-2-en ' data-filter_val='417' data-filter_slug='corona-en-2-en'>Corona EN<\/p><p class='evo_filter_val  event_type_540 dragtvaerkstedet ' data-filter_val='540' data-filter_slug='dragtvaerkstedet'>Dragtv\u00e6rkstedet<\/p><p class='evo_filter_val  event_type_508 internt-dagsprogram-til-kalender ' data-filter_val='508' data-filter_slug='internt-dagsprogram-til-kalender'>INTERNT Dagsprogram til kalender<\/p><p class='evo_filter_val  event_type_453 iron-age ' data-filter_val='453' data-filter_slug='iron-age'>Iron Age<\/p><p class='evo_filter_val  event_type_452 jernalder ' data-filter_val='452' data-filter_slug='jernalder'>Jernalder<\/p><p class='evo_filter_val  event_type_511 jul ' data-filter_val='511' data-filter_slug='jul'>Jul<\/p><p class='evo_filter_val  event_type_467 landbo ' data-filter_val='467' data-filter_slug='landbo'>Landbo<\/p><p class='evo_filter_val  event_type_460 potteriet ' data-filter_val='460' data-filter_slug='potteriet'>Potteriet<\/p><p class='evo_filter_val  event_type_513 pottery ' data-filter_val='513' data-filter_slug='pottery'>Pottery<\/p><p class='evo_filter_val  event_type_616 saerevents ' data-filter_val='616' data-filter_slug='saerevents'>S\u00e6revents<\/p><p class='evo_filter_val  event_type_301 saesonens-highligts ' data-filter_val='301' data-filter_slug='saesonens-highligts'>S\u00e6sonens highlights<\/p><p class='evo_filter_val select event_type_302 season-highlights ' data-filter_val='302' data-filter_slug='season-highlights'>Season highlights<\/p><p class='evo_filter_val  event_type_539 smallholders ' data-filter_val='539' data-filter_slug='smallholders'>Smallholders<\/p><p class='evo_filter_val  event_type_468 stenalder ' data-filter_val='468' data-filter_slug='stenalder'>Stenalder<\/p><p class='evo_filter_val  event_type_501 stone-age ' data-filter_val='501' data-filter_slug='stone-age'>Stone Age<\/p><p class='evo_filter_val  event_type_448 test-2 ' data-filter_val='448' data-filter_slug='test-2'>test<\/p><p class='evo_filter_val  event_type_283 test-en ' data-filter_val='283' data-filter_slug='test-en'>test<\/p><p class='evo_filter_val  event_type_541 textile-workshop ' data-filter_val='541' data-filter_slug='textile-workshop'>Textile workshop<\/p><p class='evo_filter_val  event_type_456 velley-of-bonfires ' data-filter_val='456' data-filter_slug='velley-of-bonfires'>Velley of Bonfires<\/p><p class='evo_filter_val  event_type_459 viking ' data-filter_val='459' data-filter_slug='viking'>Viking<\/p><p class='evo_filter_val  event_type_462 viking-en ' data-filter_val='462' data-filter_slug='viking-en'>Viking EN<\/p><\/div>\t\n\t\t\t\t\t\t\t<\/div><\/div><div class='clear'><\/div><\/div><div id='eventon_loadbar_section'><div id='eventon_loadbar'><\/div><\/div><!-- Events List --><div id='evcal_list' \r\n\t\t\t\t\tclass='eventon_events_list sep_months evcal_list_month'><div class='eventon_list_event no_events'><p class='no_events' >Sagnlandet Lejre er lukket denne dag - V\u00e6lg den dag du har lyst til at komme i datov\u00e6lgeren \u00f8verst.<\/p><\/div>\t\t\t<div class='clear'><\/div>\r\n\t\t\t<\/div>\r\n\t\t\t<div class='clear'><\/div>\r\n\t\t\t\t\t \t<div id='evcal_footer' class='evo_bottom' style='display:none'>\r\n\t\t \t\t<div class='evo_cal_data'  data-sc='{\"accord\":\"no\",\"bottom_nav\":\"no\",\"cal_id\":\"\",\"cal_init_nonajax\":\"no\",\"calendar_type\":\"list\",\"day_incre\":0,\"ep_fields\":\"\",\"etc_override\":\"no\",\"evc_open\":\"no\",\"event_count\":0,\"event_location\":\"all\",\"event_order\":\"ASC\",\"event_organizer\":\"all\",\"event_parts\":\"no\",\"event_past_future\":\"future\",\"event_status\":\"all\",\"event_tag\":\"all\",\"event_type\":\"302\",\"event_type_2\":\"all\",\"event_type_3\":\"all\",\"event_type_4\":\"all\",\"event_type_5\":\"all\",\"event_virtual\":\"all\",\"eventtop_date_style\":0,\"eventtop_style\":\"0\",\"exp_jumper\":\"no\",\"exp_so\":\"no\",\"filter_relationship\":\"AND\",\"filter_show_set_only\":\"no\",\"filter_type\":\"default\",\"filters\":\"yes\",\"fixed_day\":0,\"fixed_month\":\"4\",\"fixed_year\":\"2026\",\"focus_end_date_range\":\"1806537599\",\"focus_start_date_range\":\"1775001600\",\"ft_event_priority\":\"yes\",\"grid_ux\":0,\"heat\":\"no\",\"hide_arrows\":\"no\",\"hide_cancels\":\"no\",\"hide_empty_months\":\"yes\",\"hide_end_time\":\"no\",\"hide_et_dn\":\"no\",\"hide_et_extra\":\"no\",\"hide_et_tags\":\"no\",\"hide_et_tl\":\"no\",\"hide_ft\":\"no\",\"hide_ft_img\":\"no\",\"hide_month_headers\":\"no\",\"hide_mult_occur\":\"no\",\"hide_past\":\"no\",\"hide_past_by\":\"ee\",\"hide_so\":\"yes\",\"hide_sort_options\":\"no\",\"hover\":\"number\",\"ics\":\"no\",\"jumper\":\"no\",\"jumper_count\":5,\"jumper_offset\":\"0\",\"lang\":\"L1\",\"layout_changer\":\"no\",\"livenow_bar\":\"yes\",\"load_fullmonth\":\"no\",\"mapformat\":\"roadmap\",\"mapiconurl\":\"\",\"maps_load\":\"yes\",\"mapscroll\":\"true\",\"mapzoom\":\"18\",\"members_only\":\"no\",\"ml_priority\":\"no\",\"ml_toend\":\"no\",\"mo1st\":\"\",\"month_incre\":0,\"nexttogrid\":\"no\",\"number_of_months\":\"12\",\"only_ft\":\"no\",\"pec\":\"\",\"s\":\"\",\"search\":\"\",\"search_all\":\"no\",\"sep_month\":\"yes\",\"show_et_ft_img\":\"yes\",\"show_limit\":\"no\",\"show_limit_ajax\":\"no\",\"show_limit_paged\":1,\"show_limit_redir\":\"\",\"show_repeats\":\"no\",\"show_upcoming\":0,\"show_year\":\"no\",\"social_share\":\"no\",\"sort_by\":\"sort_date\",\"style\":\"\",\"tile_bg\":\"1\",\"tile_bg_size\":\"full\",\"tile_count\":\"3\",\"tile_height\":\"400\",\"tile_style\":\"1\",\"tiles\":\"yes\",\"ux_val\":\"0\",\"view_switcher\":\"no\",\"wpml_l1\":\"\",\"wpml_l2\":\"\",\"wpml_l3\":\"\",\"yl_priority\":\"no\",\"yl_toend\":\"no\",\"0\":\"\\\"\",\"eventop_style\":\"0\",\"_cver\":\"4.5.4\"}' data-od='{\"lang_no_events\":\"Sagnlandet Lejre er lukket denne dag - V\\u00e6lg den dag du har lyst til at komme i datov\\u00e6lgeren \\u00f8verst.\"}'><\/div>\r\n\t\t \t\t<div class='evo_cal_events' data-events=\"\"><\/div>\r\n\t\t \t<\/div>\r\n\t\t\t\t\r\n\t\t\t\r\n\t\t\t\t\t\t<\/div><!-- EventON End -->\r\n\t\t\t\n","protected":false},"excerpt":{"rendered":"","protected":false},"author":2,"featured_media":0,"parent":0,"menu_order":0,"comment_status":"closed","ping_status":"closed","template":"","meta":{"footnotes":""},"yoast_head":"<!-- This site is optimized with the Yoast SEO plugin v14.3 - https:\/\/yoast.com\/wordpress\/plugins\/seo\/ -->\n<meta name=\"robots\" content=\"noindex, follow\" \/>\n<meta property=\"og:locale\" content=\"en_US\" \/>\n<meta property=\"og:type\" content=\"article\" \/>\n<meta property=\"og:title\" content=\"Season Highlights - Sagnlandet Lejre - Historisk-Ark\u00e6ologisk Forsknings- og Formidlingscenter\" \/>\n<meta property=\"og:url\" content=\"https:\/\/old-sagnlandet.dev.stom.dk\/en\/season-highlights\/\" \/>\n<meta property=\"og:site_name\" content=\"Sagnlandet Lejre - Historisk-Ark\u00e6ologisk Forsknings- og Formidlingscenter\" \/>\n<meta property=\"article:modified_time\" content=\"2023-08-11T08:50:46+00:00\" \/>\n<meta name=\"twitter:card\" content=\"summary\" \/>\n<script type=\"application\/ld+json\" class=\"yoast-schema-graph\">{\"@context\":\"https:\/\/schema.org\",\"@graph\":[{\"@type\":\"WebSite\",\"@id\":\"https:\/\/old-sagnlandet.dev.stom.dk\/en\/#website\",\"url\":\"https:\/\/old-sagnlandet.dev.stom.dk\/en\/\",\"name\":\"Sagnlandet Lejre - Historisk-Ark\\u00e6ologisk Forsknings- og Formidlingscenter\",\"description\":\"\",\"potentialAction\":[{\"@type\":\"SearchAction\",\"target\":\"https:\/\/old-sagnlandet.dev.stom.dk\/en\/?s={search_term_string}\",\"query-input\":\"required name=search_term_string\"}],\"inLanguage\":\"en-US\"},{\"@type\":\"WebPage\",\"@id\":\"https:\/\/old-sagnlandet.dev.stom.dk\/en\/season-highlights\/#webpage\",\"url\":\"https:\/\/old-sagnlandet.dev.stom.dk\/en\/season-highlights\/\",\"name\":\"Season Highlights - Sagnlandet Lejre - Historisk-Ark\\u00e6ologisk Forsknings- og Formidlingscenter\",\"isPartOf\":{\"@id\":\"https:\/\/old-sagnlandet.dev.stom.dk\/en\/#website\"},\"datePublished\":\"2020-02-08T21:46:53+00:00\",\"dateModified\":\"2023-08-11T08:50:46+00:00\",\"inLanguage\":\"en-US\",\"potentialAction\":[{\"@type\":\"ReadAction\",\"target\":[\"https:\/\/old-sagnlandet.dev.stom.dk\/en\/season-highlights\/\"]}]}]}<\/script>\n<!-- \/ Yoast SEO plugin. -->","_links":{"self":[{"href":"https:\/\/old-sagnlandet.dev.stom.dk\/en\/wp-json\/wp\/v2\/pages\/14850"}],"collection":[{"href":"https:\/\/old-sagnlandet.dev.stom.dk\/en\/wp-json\/wp\/v2\/pages"}],"about":[{"href":"https:\/\/old-sagnlandet.dev.stom.dk\/en\/wp-json\/wp\/v2\/types\/page"}],"author":[{"embeddable":true,"href":"https:\/\/old-sagnlandet.dev.stom.dk\/en\/wp-json\/wp\/v2\/users\/2"}],"replies":[{"embeddable":true,"href":"https:\/\/old-sagnlandet.dev.stom.dk\/en\/wp-json\/wp\/v2\/comments?post=14850"}],"version-history":[{"count":9,"href":"https:\/\/old-sagnlandet.dev.stom.dk\/en\/wp-json\/wp\/v2\/pages\/14850\/revisions"}],"predecessor-version":[{"id":57153,"href":"https:\/\/old-sagnlandet.dev.stom.dk\/en\/wp-json\/wp\/v2\/pages\/14850\/revisions\/57153"}],"wp:attachment":[{"href":"https:\/\/old-sagnlandet.dev.stom.dk\/en\/wp-json\/wp\/v2\/media?parent=14850"}],"curies":[{"name":"wp","href":"https:\/\/api.w.org\/{rel}","templated":true}]}}