{"id":14462,"date":"2019-10-23T12:16:23","date_gmt":"2019-10-23T12:16:23","guid":{"rendered":"https:\/\/old-sagnlandet.dev.stom.dk\/find-vej\/"},"modified":"2023-03-02T12:32:31","modified_gmt":"2023-03-02T11:32:31","slug":"find-your-way","status":"publish","type":"page","link":"https:\/\/old-sagnlandet.dev.stom.dk\/en\/find-your-way\/","title":{"rendered":"Find your way"},"content":{"rendered":"","protected":false},"excerpt":{"rendered":"","protected":false},"author":1,"featured_media":0,"parent":0,"menu_order":0,"comment_status":"closed","ping_status":"closed","template":"","meta":{"footnotes":""},"yoast_head":"<!-- This site is optimized with the Yoast SEO plugin v14.3 - https:\/\/yoast.com\/wordpress\/plugins\/seo\/ -->\n<meta name=\"description\" content=\"Til dig der aldrig har v\u00e6ret i Sagnlandet Lejre f\u00f8r: her finder du forskellige ruter og muligheder, for at komme frem til os for enden af Slangeall\u00e9en.\" \/>\n<meta name=\"robots\" content=\"noindex, follow\" \/>\n<meta property=\"og:locale\" content=\"en_US\" \/>\n<meta property=\"og:type\" content=\"article\" \/>\n<meta property=\"og:title\" content=\"Find your way - Sagnlandet Lejre - Historisk-Ark\u00e6ologisk Forsknings- og Formidlingscenter\" \/>\n<meta property=\"og:description\" content=\"Til dig der aldrig har v\u00e6ret i Sagnlandet Lejre f\u00f8r: her finder du forskellige ruter og muligheder, for at komme frem til os for enden af Slangeall\u00e9en.\" \/>\n<meta property=\"og:url\" content=\"https:\/\/old-sagnlandet.dev.stom.dk\/en\/find-your-way\/\" \/>\n<meta property=\"og:site_name\" content=\"Sagnlandet Lejre - Historisk-Ark\u00e6ologisk Forsknings- og Formidlingscenter\" \/>\n<meta property=\"article:modified_time\" content=\"2023-03-02T11:32:31+00:00\" \/>\n<meta name=\"twitter:card\" content=\"summary\" \/>\n<script type=\"application\/ld+json\" class=\"yoast-schema-graph\">{\"@context\":\"https:\/\/schema.org\",\"@graph\":[{\"@type\":\"WebSite\",\"@id\":\"https:\/\/old-sagnlandet.dev.stom.dk\/en\/#website\",\"url\":\"https:\/\/old-sagnlandet.dev.stom.dk\/en\/\",\"name\":\"Sagnlandet Lejre - Historisk-Ark\\u00e6ologisk Forsknings- og Formidlingscenter\",\"description\":\"\",\"potentialAction\":[{\"@type\":\"SearchAction\",\"target\":\"https:\/\/old-sagnlandet.dev.stom.dk\/en\/?s={search_term_string}\",\"query-input\":\"required name=search_term_string\"}],\"inLanguage\":\"en-US\"},{\"@type\":\"WebPage\",\"@id\":\"https:\/\/old-sagnlandet.dev.stom.dk\/en\/find-your-way\/#webpage\",\"url\":\"https:\/\/old-sagnlandet.dev.stom.dk\/en\/find-your-way\/\",\"name\":\"Find your way - Sagnlandet Lejre - Historisk-Ark\\u00e6ologisk Forsknings- og Formidlingscenter\",\"isPartOf\":{\"@id\":\"https:\/\/old-sagnlandet.dev.stom.dk\/en\/#website\"},\"datePublished\":\"2019-10-23T12:16:23+00:00\",\"dateModified\":\"2023-03-02T11:32:31+00:00\",\"description\":\"Til dig der aldrig har v\\u00e6ret i Sagnlandet Lejre f\\u00f8r: her finder du forskellige ruter og muligheder, for at komme frem til os for enden af Slangeall\\u00e9en.\",\"inLanguage\":\"en-US\",\"potentialAction\":[{\"@type\":\"ReadAction\",\"target\":[\"https:\/\/old-sagnlandet.dev.stom.dk\/en\/find-your-way\/\"]}]}]}<\/script>\n<!-- \/ Yoast SEO plugin. -->","_links":{"self":[{"href":"https:\/\/old-sagnlandet.dev.stom.dk\/en\/wp-json\/wp\/v2\/pages\/14462"}],"collection":[{"href":"https:\/\/old-sagnlandet.dev.stom.dk\/en\/wp-json\/wp\/v2\/pages"}],"about":[{"href":"https:\/\/old-sagnlandet.dev.stom.dk\/en\/wp-json\/wp\/v2\/types\/page"}],"author":[{"embeddable":true,"href":"https:\/\/old-sagnlandet.dev.stom.dk\/en\/wp-json\/wp\/v2\/users\/1"}],"replies":[{"embeddable":true,"href":"https:\/\/old-sagnlandet.dev.stom.dk\/en\/wp-json\/wp\/v2\/comments?post=14462"}],"version-history":[{"count":7,"href":"https:\/\/old-sagnlandet.dev.stom.dk\/en\/wp-json\/wp\/v2\/pages\/14462\/revisions"}],"predecessor-version":[{"id":54037,"href":"https:\/\/old-sagnlandet.dev.stom.dk\/en\/wp-json\/wp\/v2\/pages\/14462\/revisions\/54037"}],"wp:attachment":[{"href":"https:\/\/old-sagnlandet.dev.stom.dk\/en\/wp-json\/wp\/v2\/media?parent=14462"}],"curies":[{"name":"wp","href":"https:\/\/api.w.org\/{rel}","templated":true}]}}