{"id":14453,"date":"2019-10-24T11:13:33","date_gmt":"2019-10-24T11:13:33","guid":{"rendered":"https:\/\/old-sagnlandet.dev.stom.dk\/sagnlandets-historie\/"},"modified":"2020-02-05T08:33:32","modified_gmt":"2020-02-05T08:33:32","slug":"sagnlandets-historie","status":"publish","type":"page","link":"https:\/\/old-sagnlandet.dev.stom.dk\/en\/sagnlandets-historie\/","title":{"rendered":"Sagnlandets historie"},"content":{"rendered":"<h3>Sagnlandet Lejre er stiftet i 1964 for at skabe ny viden om fortiden ved fors\u00f8g.<\/h3>\n<p>Sagnlandet Lejre er ogs\u00e5 et enest\u00e5ende smukt og sp\u00e6ndende udflugtsm\u00e5l med huse og milj\u00f8er fra stenalder, jernalder og vikingetid, arbejdende v\u00e6rksteder og gamle husdyrracer.<\/p>\n<p>I Sagnlandet Lejre kan I:<\/p>\n<ul>\n<li>G\u00e5 p\u00e5 opdagelse i oldtidens landskaber, huse, haver og v\u00e6rksteder<\/li>\n<li>Suge viden til jer fra kyndige vikingekvinder, jernalderm\u00e6nd, stenalderj\u00e6gere og h\u00e5ndv\u00e6rkere<\/li>\n<li>St\u00e5 ansigt til ansigt til urokser, vildsvin, f\u00e5r, geder og g\u00e6s<\/li>\n<li>Lade b\u00f8rnene boltre sig i B\u00e5ldalen, hvor de kan sejle stammeb\u00e5de, male mel, hugge br\u00e6nde og meget mere<\/li>\n<li>M\u00f8de forskere og h\u00e5ndv\u00e6rkere i deres arbejde med at skabe nye forklaringer af og fortolkninger p\u00e5 fortidens levn<\/li>\n<\/ul>\n","protected":false},"excerpt":{"rendered":"<p>Sagnlandet Lejre er stiftet i 1964 for at skabe ny viden om fortiden ved fors\u00f8g. Sagnlandet Lejre er ogs\u00e5 et enest\u00e5ende smukt og sp\u00e6ndende udflugtsm\u00e5l med huse og milj\u00f8er fra stenalder, jernalder og vikingetid, arbejdende v\u00e6rksteder og gamle husdyrracer. I Sagnlandet Lejre kan I: G\u00e5 p\u00e5 opdagelse i oldtidens landskaber, huse, haver og v\u00e6rksteder Suge [&hellip;]<\/p>\n","protected":false},"author":1,"featured_media":0,"parent":0,"menu_order":0,"comment_status":"closed","ping_status":"closed","template":"","meta":{"footnotes":""},"yoast_head":"<!-- This site is optimized with the Yoast SEO plugin v14.3 - https:\/\/yoast.com\/wordpress\/plugins\/seo\/ -->\n<meta name=\"description\" content=\"Sagnlandet Lejre er stiftet i 1964 for at skabe ny viden om fortiden ved eksperimental ark\u00e6ologiske fors\u00f8g om vores fortid.\" \/>\n<meta name=\"robots\" content=\"noindex, follow\" \/>\n<meta property=\"og:locale\" content=\"en_US\" \/>\n<meta property=\"og:type\" content=\"article\" \/>\n<meta property=\"og:title\" content=\"Sagnlandets historie - Sagnlandet Lejre - Historisk-Ark\u00e6ologisk Forsknings- og Formidlingscenter\" \/>\n<meta property=\"og:description\" content=\"Sagnlandet Lejre er stiftet i 1964 for at skabe ny viden om fortiden ved eksperimental ark\u00e6ologiske fors\u00f8g om vores fortid.\" \/>\n<meta property=\"og:url\" content=\"https:\/\/old-sagnlandet.dev.stom.dk\/en\/sagnlandets-historie\/\" \/>\n<meta property=\"og:site_name\" content=\"Sagnlandet Lejre - Historisk-Ark\u00e6ologisk Forsknings- og Formidlingscenter\" \/>\n<meta property=\"article:modified_time\" content=\"2020-02-05T08:33:32+00:00\" \/>\n<meta name=\"twitter:card\" content=\"summary\" \/>\n<script type=\"application\/ld+json\" class=\"yoast-schema-graph\">{\"@context\":\"https:\/\/schema.org\",\"@graph\":[{\"@type\":\"WebSite\",\"@id\":\"https:\/\/old-sagnlandet.dev.stom.dk\/en\/#website\",\"url\":\"https:\/\/old-sagnlandet.dev.stom.dk\/en\/\",\"name\":\"Sagnlandet Lejre - Historisk-Ark\\u00e6ologisk Forsknings- og Formidlingscenter\",\"description\":\"\",\"potentialAction\":[{\"@type\":\"SearchAction\",\"target\":\"https:\/\/old-sagnlandet.dev.stom.dk\/en\/?s={search_term_string}\",\"query-input\":\"required name=search_term_string\"}],\"inLanguage\":\"en-US\"},{\"@type\":\"WebPage\",\"@id\":\"https:\/\/old-sagnlandet.dev.stom.dk\/en\/sagnlandets-historie\/#webpage\",\"url\":\"https:\/\/old-sagnlandet.dev.stom.dk\/en\/sagnlandets-historie\/\",\"name\":\"Sagnlandets historie - Sagnlandet Lejre - Historisk-Ark\\u00e6ologisk Forsknings- og Formidlingscenter\",\"isPartOf\":{\"@id\":\"https:\/\/old-sagnlandet.dev.stom.dk\/en\/#website\"},\"datePublished\":\"2019-10-24T11:13:33+00:00\",\"dateModified\":\"2020-02-05T08:33:32+00:00\",\"description\":\"Sagnlandet Lejre er stiftet i 1964 for at skabe ny viden om fortiden ved eksperimental ark\\u00e6ologiske fors\\u00f8g om vores fortid.\",\"inLanguage\":\"en-US\",\"potentialAction\":[{\"@type\":\"ReadAction\",\"target\":[\"https:\/\/old-sagnlandet.dev.stom.dk\/en\/sagnlandets-historie\/\"]}]}]}<\/script>\n<!-- \/ Yoast SEO plugin. -->","_links":{"self":[{"href":"https:\/\/old-sagnlandet.dev.stom.dk\/en\/wp-json\/wp\/v2\/pages\/14453"}],"collection":[{"href":"https:\/\/old-sagnlandet.dev.stom.dk\/en\/wp-json\/wp\/v2\/pages"}],"about":[{"href":"https:\/\/old-sagnlandet.dev.stom.dk\/en\/wp-json\/wp\/v2\/types\/page"}],"author":[{"embeddable":true,"href":"https:\/\/old-sagnlandet.dev.stom.dk\/en\/wp-json\/wp\/v2\/users\/1"}],"replies":[{"embeddable":true,"href":"https:\/\/old-sagnlandet.dev.stom.dk\/en\/wp-json\/wp\/v2\/comments?post=14453"}],"version-history":[{"count":1,"href":"https:\/\/old-sagnlandet.dev.stom.dk\/en\/wp-json\/wp\/v2\/pages\/14453\/revisions"}],"predecessor-version":[{"id":14454,"href":"https:\/\/old-sagnlandet.dev.stom.dk\/en\/wp-json\/wp\/v2\/pages\/14453\/revisions\/14454"}],"wp:attachment":[{"href":"https:\/\/old-sagnlandet.dev.stom.dk\/en\/wp-json\/wp\/v2\/media?parent=14453"}],"curies":[{"name":"wp","href":"https:\/\/api.w.org\/{rel}","templated":true}]}}