{"id":49124,"date":"2022-06-13T10:12:50","date_gmt":"2022-06-13T09:12:50","guid":{"rendered":"https:\/\/old-sagnlandet.dev.stom.dk\/?post_type=product&#038;p=49124"},"modified":"2024-10-28T10:23:23","modified_gmt":"2024-10-28T09:23:23","slug":"eintrittskarte-kinder-im-alter-von-3-11-jahren","status":"publish","type":"product","link":"https:\/\/old-sagnlandet.dev.stom.dk\/de\/p\/eintrittskarte-kinder-im-alter-von-3-11-jahren\/","title":{"rendered":"Eintrittskarte 2025 Kinder im Alter von 3-11 Jahren"},"content":{"rendered":"<table border=\"0\">\n<tbody>\n<tr>\n<td><\/td>\n<td>\n<h6>Sie erhalten die Eintrittskarten und die Auftragsbest\u00e4tigung separat mit einer E-Mail, sobald Sie die Karte gekauft haben.<\/h6>\n<p>Wir scannen Ihre Eintrittskarte am Eingang\u2013 halten Sie die bitte deshalb im Voraus bereit!<\/td>\n<td><\/td>\n<\/tr>\n<\/tbody>\n<\/table>\n<p>Sie brauchen Ihre Eintrittskarte nicht ausdrucken. Wir scannen den QR-Code auf Ihrem Telefon- oder Tablet-Bildschirm. Wenn wir Ihre Tickets gescannt haben, bekommen Sie eine Jahreskarte, die bis zum 31.12.\t2025\t g\u00fcltig ist.<\/p>\n<h4>Kommen Sie gerne oft wieder \u2026..<\/h4>\n<p>Mit der Eintrittskarte zum Lejre, Land of Legends erhalten Sie Zugang zu einer Welt voller Erlebnisse. Eine Welt, die so gro\u00df ist, dass nur wenige es schaffen, sie an einem einzigen Tag zu erforschen. Deshalb wird Ihre Eintrittskarte automatisch in eine Jahreskarte umgewandelt, g\u00fcltig vom Kauf bis zum 31.12. des laufenden Jahres. Auf diese Weise k\u00f6nnen Sie uns in dieser Zeitperiode immer wieder besuchen.<\/p>\n<p>Wir freuen uns darauf, Sie zu sehen!<\/p>\n<h4>VIELEN DANK, DASS SIE EXSPERTENWISSEN UND VERSUCHE MIT DER VORGESCHICHTE WERTSCH\u00c4TZEN!<\/h4>\n<p>Das Lejre, Land der Legenden ist eine gemeinn\u00fctzige Einrichtung, in der \u00fcber unsere gemeinsame Vergangenheit unterrichtet, geforscht und kommuniziert wird. Ein Teil der Organisation wird \u00fcber Zusch\u00fcsse des Bildungsministeriums und der Lejre Gemeinde finanziert, der gr\u00f6\u00dfte Teil stammt doch von Ihrer und von anderen Eintrittskarten. Aus diesem Grund tragen Sie als Besucher dazu bei, dass Lejre, Land der Legenden im kommenden Jahr wieder er\u00f6ffnet werden kann und dass wir wieder besondere Erlebnisse f\u00fcr die gesamte Familie anbieten k\u00f6nnen.<\/p>\n<p><em>Eine Jahreskarte f\u00fcr Lejre, Land der Legenden ist pers\u00f6nlich und kann nicht auf andere \u00fcbertragen werden. Bei einem Genbesuch mit Ihrer Jahreskarte, dokumentieren Sie bitte Ihre Identit\u00e4t mit Ausweis o.\u00e4. aus (wie z.b. eine Sozialversicherungskarte, VISA-Karte oder mit dem F\u00fchrerschein.)<\/em><\/p>\n","protected":false},"excerpt":{"rendered":"<p>IHRE EINTRITTSKARTE GILT F\u00dcR DAS GESAMTE JAHR [opening_calendar_year_time]!<\/p>\n<p><span class=\"HwtZe\" lang=\"de\"><span class=\"jCAhz ChMk0b\"><span class=\"ryNqvb\">Besuchen Sie uns immer wieder und wieder und wieder&#8230; und wieder!<\/span><\/span><\/span><\/p>\n","protected":false},"featured_media":49120,"template":"","meta":[],"product_cat":[485],"product_tag":[],"yoast_head":"<!-- This site is optimized with the Yoast SEO plugin v14.3 - https:\/\/yoast.com\/wordpress\/plugins\/seo\/ -->\n<meta name=\"robots\" content=\"noindex, follow\" \/>\n<meta property=\"og:locale\" content=\"de_DE\" \/>\n<meta property=\"og:type\" content=\"article\" \/>\n<meta property=\"og:title\" content=\"Eintrittskarte 2025 Kinder im Alter von 3-11 Jahren - Sagnlandet Lejre - Historisk-Ark\u00e6ologisk Forsknings- og Formidlingscenter\" \/>\n<meta property=\"og:description\" content=\"IHRE EINTRITTSKARTE GILT F\u00dcR DAS GESAMTE JAHR !  Besuchen Sie uns immer wieder und wieder und wieder... und wieder!\" \/>\n<meta property=\"og:url\" content=\"https:\/\/old-sagnlandet.dev.stom.dk\/de\/p\/eintrittskarte-kinder-im-alter-von-3-11-jahren\/\" \/>\n<meta property=\"og:site_name\" content=\"Sagnlandet Lejre - Historisk-Ark\u00e6ologisk Forsknings- og Formidlingscenter\" \/>\n<meta property=\"article:modified_time\" content=\"2024-10-28T09:23:23+00:00\" \/>\n<meta property=\"og:image\" content=\"https:\/\/old-sagnlandet.dev.stom.dk\/wp-content\/uploads\/2022\/06\/admin-ajax-2-scaled.jpg\" \/>\n\t<meta property=\"og:image:width\" content=\"2560\" \/>\n\t<meta property=\"og:image:height\" content=\"1809\" \/>\n<meta name=\"twitter:card\" content=\"summary\" \/>\n<script type=\"application\/ld+json\" class=\"yoast-schema-graph\">{\"@context\":\"https:\/\/schema.org\",\"@graph\":[{\"@type\":\"WebSite\",\"@id\":\"https:\/\/old-sagnlandet.dev.stom.dk\/de\/#website\",\"url\":\"https:\/\/old-sagnlandet.dev.stom.dk\/de\/\",\"name\":\"Sagnlandet Lejre - Historisk-Ark\\u00e6ologisk Forsknings- og Formidlingscenter\",\"description\":\"\",\"potentialAction\":[{\"@type\":\"SearchAction\",\"target\":\"https:\/\/old-sagnlandet.dev.stom.dk\/de\/?s={search_term_string}\",\"query-input\":\"required name=search_term_string\"}],\"inLanguage\":\"de\"},{\"@type\":\"ImageObject\",\"@id\":\"https:\/\/old-sagnlandet.dev.stom.dk\/de\/p\/eintrittskarte-kinder-im-alter-von-3-11-jahren\/#primaryimage\",\"inLanguage\":\"de\",\"url\":\"https:\/\/old-sagnlandet.dev.stom.dk\/wp-content\/uploads\/2022\/06\/admin-ajax-2-scaled.jpg\",\"width\":2560,\"height\":1809},{\"@type\":\"WebPage\",\"@id\":\"https:\/\/old-sagnlandet.dev.stom.dk\/de\/p\/eintrittskarte-kinder-im-alter-von-3-11-jahren\/#webpage\",\"url\":\"https:\/\/old-sagnlandet.dev.stom.dk\/de\/p\/eintrittskarte-kinder-im-alter-von-3-11-jahren\/\",\"name\":\"Eintrittskarte 2025 Kinder im Alter von 3-11 Jahren - Sagnlandet Lejre - Historisk-Ark\\u00e6ologisk Forsknings- og Formidlingscenter\",\"isPartOf\":{\"@id\":\"https:\/\/old-sagnlandet.dev.stom.dk\/de\/#website\"},\"primaryImageOfPage\":{\"@id\":\"https:\/\/old-sagnlandet.dev.stom.dk\/de\/p\/eintrittskarte-kinder-im-alter-von-3-11-jahren\/#primaryimage\"},\"datePublished\":\"2022-06-13T09:12:50+00:00\",\"dateModified\":\"2024-10-28T09:23:23+00:00\",\"inLanguage\":\"de\",\"potentialAction\":[{\"@type\":\"ReadAction\",\"target\":[\"https:\/\/old-sagnlandet.dev.stom.dk\/de\/p\/eintrittskarte-kinder-im-alter-von-3-11-jahren\/\"]}]}]}<\/script>\n<!-- \/ Yoast SEO plugin. -->","_links":{"self":[{"href":"https:\/\/old-sagnlandet.dev.stom.dk\/de\/wp-json\/wp\/v2\/product\/49124"}],"collection":[{"href":"https:\/\/old-sagnlandet.dev.stom.dk\/de\/wp-json\/wp\/v2\/product"}],"about":[{"href":"https:\/\/old-sagnlandet.dev.stom.dk\/de\/wp-json\/wp\/v2\/types\/product"}],"wp:featuredmedia":[{"embeddable":true,"href":"https:\/\/old-sagnlandet.dev.stom.dk\/de\/wp-json\/wp\/v2\/media\/49120"}],"wp:attachment":[{"href":"https:\/\/old-sagnlandet.dev.stom.dk\/de\/wp-json\/wp\/v2\/media?parent=49124"}],"wp:term":[{"taxonomy":"product_cat","embeddable":true,"href":"https:\/\/old-sagnlandet.dev.stom.dk\/de\/wp-json\/wp\/v2\/product_cat?post=49124"},{"taxonomy":"product_tag","embeddable":true,"href":"https:\/\/old-sagnlandet.dev.stom.dk\/de\/wp-json\/wp\/v2\/product_tag?post=49124"}],"curies":[{"name":"wp","href":"https:\/\/api.w.org\/{rel}","templated":true}]}}