{"id":49048,"date":"2019-10-23T12:23:57","date_gmt":"2019-10-23T12:23:57","guid":{"rendered":"https:\/\/old-sagnlandet.dev.stom.dk\/kort-over-sagnlandet\/"},"modified":"2024-01-19T13:33:04","modified_gmt":"2024-01-19T12:33:04","slug":"karte-ueber-lejre-land-der-legenden","status":"publish","type":"page","link":"https:\/\/old-sagnlandet.dev.stom.dk\/de\/karte-ueber-lejre-land-der-legenden\/","title":{"rendered":"Karte \u00fcber Lejre, Land der Legenden"},"content":{"rendered":"<p>Lejre, Land der Legenden streckt sich \u00fcber 43 Hektar.<\/p>\n<p>Am Eingang erhalten Sie eine Karte \u00fcber Lejre, Land der Legenden, damit Sie sich zurechtfinden und Sehenswertes orten k\u00f6nnen.<\/p>\n<p>Sie k\u00f6nnen unten auf das Bild klicken, um die Karte herunterzuladen, wenn Sie sich schon vor Ihrem Besuch orientieren wollen.<\/p>\n<p><a href=\"https:\/\/old-sagnlandet.dev.stom.dk\/de\/zugaenglichkeit\/\"><em><strong>Wenn Sie auf einen Rollstuhl angewiesen sind, lesen Sie bitte hier mehr \u00fcber unsere Zug\u00e4nglichkeit. <\/strong><\/em><\/a><em><strong>.<\/strong><\/em><\/p>\n<p>Dr\u00fccken Sie unten auf die Karte, um sie herunterzuladen:<\/p>\n<p><a href=\"https:\/\/old-sagnlandet.dev.stom.dk\/wp-content\/uploads\/2024\/01\/sagnlandetfolder2024-web-compressed.pdf\"><img loading=\"lazy\" decoding=\"async\" class=\"alignnone wp-image-58435 size-large\" src=\"https:\/\/old-sagnlandet.dev.stom.dk\/wp-content\/uploads\/2024\/01\/kort-over-sagnlandet-1920x1134.png\" alt=\"\" width=\"640\" height=\"378\" srcset=\"https:\/\/old-sagnlandet.dev.stom.dk\/wp-content\/uploads\/2024\/01\/kort-over-sagnlandet-1920x1134.png 1920w, https:\/\/old-sagnlandet.dev.stom.dk\/wp-content\/uploads\/2024\/01\/kort-over-sagnlandet-300x177.png 300w, https:\/\/old-sagnlandet.dev.stom.dk\/wp-content\/uploads\/2024\/01\/kort-over-sagnlandet-1536x907.png 1536w, https:\/\/old-sagnlandet.dev.stom.dk\/wp-content\/uploads\/2024\/01\/kort-over-sagnlandet-2048x1210.png 2048w, https:\/\/old-sagnlandet.dev.stom.dk\/wp-content\/uploads\/2024\/01\/kort-over-sagnlandet-1320x780.png 1320w, https:\/\/old-sagnlandet.dev.stom.dk\/wp-content\/uploads\/2024\/01\/kort-over-sagnlandet-600x354.png 600w\" sizes=\"(max-width: 640px) 100vw, 640px\" \/><\/a><\/p>\n","protected":false},"excerpt":{"rendered":"<p>Lejre, Land der Legenden streckt sich \u00fcber 43 Hektar. Am Eingang erhalten Sie eine Karte \u00fcber Lejre, Land der Legenden, damit Sie sich zurechtfinden und Sehenswertes orten k\u00f6nnen. Sie k\u00f6nnen unten auf das Bild klicken, um die Karte herunterzuladen, wenn Sie sich schon vor Ihrem Besuch orientieren wollen. Wenn Sie auf einen Rollstuhl angewiesen sind, [&hellip;]<\/p>\n","protected":false},"author":1,"featured_media":0,"parent":0,"menu_order":0,"comment_status":"closed","ping_status":"closed","template":"","meta":{"footnotes":""},"yoast_head":"<!-- This site is optimized with the Yoast SEO plugin v14.3 - https:\/\/yoast.com\/wordpress\/plugins\/seo\/ -->\n<meta name=\"description\" content=\"Hvis du aldrig har v\u00e6ret i Sagnlandet Lejre, virker 43 hektar m\u00e5ske som meget. Her finder du et kort over omr\u00e5det, s\u00e5 du kan forberede dig p\u00e5 din tur herud.\" \/>\n<meta name=\"robots\" content=\"noindex, follow\" \/>\n<meta property=\"og:locale\" content=\"de_DE\" \/>\n<meta property=\"og:type\" content=\"article\" \/>\n<meta property=\"og:title\" content=\"Karte \u00fcber Lejre, Land der Legenden - Sagnlandet Lejre - Historisk-Ark\u00e6ologisk Forsknings- og Formidlingscenter\" \/>\n<meta property=\"og:description\" content=\"Hvis du aldrig har v\u00e6ret i Sagnlandet Lejre, virker 43 hektar m\u00e5ske som meget. Her finder du et kort over omr\u00e5det, s\u00e5 du kan forberede dig p\u00e5 din tur herud.\" \/>\n<meta property=\"og:url\" content=\"https:\/\/old-sagnlandet.dev.stom.dk\/de\/karte-ueber-lejre-land-der-legenden\/\" \/>\n<meta property=\"og:site_name\" content=\"Sagnlandet Lejre - Historisk-Ark\u00e6ologisk Forsknings- og Formidlingscenter\" \/>\n<meta property=\"article:modified_time\" content=\"2024-01-19T12:33:04+00:00\" \/>\n<meta property=\"og:image\" content=\"https:\/\/old-sagnlandet.dev.stom.dk\/wp-content\/uploads\/2024\/01\/kort-over-sagnlandet-1920x1134.png\" \/>\n<meta name=\"twitter:card\" content=\"summary\" \/>\n<script type=\"application\/ld+json\" class=\"yoast-schema-graph\">{\"@context\":\"https:\/\/schema.org\",\"@graph\":[{\"@type\":\"WebSite\",\"@id\":\"https:\/\/old-sagnlandet.dev.stom.dk\/de\/#website\",\"url\":\"https:\/\/old-sagnlandet.dev.stom.dk\/de\/\",\"name\":\"Sagnlandet Lejre - Historisk-Ark\\u00e6ologisk Forsknings- og Formidlingscenter\",\"description\":\"\",\"potentialAction\":[{\"@type\":\"SearchAction\",\"target\":\"https:\/\/old-sagnlandet.dev.stom.dk\/de\/?s={search_term_string}\",\"query-input\":\"required name=search_term_string\"}],\"inLanguage\":\"de\"},{\"@type\":\"ImageObject\",\"@id\":\"https:\/\/old-sagnlandet.dev.stom.dk\/de\/karte-ueber-lejre-land-der-legenden\/#primaryimage\",\"inLanguage\":\"de\",\"url\":\"https:\/\/old-sagnlandet.dev.stom.dk\/wp-content\/uploads\/2024\/01\/kort-over-sagnlandet.png\",\"width\":2900,\"height\":1713},{\"@type\":\"WebPage\",\"@id\":\"https:\/\/old-sagnlandet.dev.stom.dk\/de\/karte-ueber-lejre-land-der-legenden\/#webpage\",\"url\":\"https:\/\/old-sagnlandet.dev.stom.dk\/de\/karte-ueber-lejre-land-der-legenden\/\",\"name\":\"Karte \\u00fcber Lejre, Land der Legenden - Sagnlandet Lejre - Historisk-Ark\\u00e6ologisk Forsknings- og Formidlingscenter\",\"isPartOf\":{\"@id\":\"https:\/\/old-sagnlandet.dev.stom.dk\/de\/#website\"},\"primaryImageOfPage\":{\"@id\":\"https:\/\/old-sagnlandet.dev.stom.dk\/de\/karte-ueber-lejre-land-der-legenden\/#primaryimage\"},\"datePublished\":\"2019-10-23T12:23:57+00:00\",\"dateModified\":\"2024-01-19T12:33:04+00:00\",\"description\":\"Hvis du aldrig har v\\u00e6ret i Sagnlandet Lejre, virker 43 hektar m\\u00e5ske som meget. Her finder du et kort over omr\\u00e5det, s\\u00e5 du kan forberede dig p\\u00e5 din tur herud.\",\"inLanguage\":\"de\",\"potentialAction\":[{\"@type\":\"ReadAction\",\"target\":[\"https:\/\/old-sagnlandet.dev.stom.dk\/de\/karte-ueber-lejre-land-der-legenden\/\"]}]}]}<\/script>\n<!-- \/ Yoast SEO plugin. -->","_links":{"self":[{"href":"https:\/\/old-sagnlandet.dev.stom.dk\/de\/wp-json\/wp\/v2\/pages\/49048"}],"collection":[{"href":"https:\/\/old-sagnlandet.dev.stom.dk\/de\/wp-json\/wp\/v2\/pages"}],"about":[{"href":"https:\/\/old-sagnlandet.dev.stom.dk\/de\/wp-json\/wp\/v2\/types\/page"}],"author":[{"embeddable":true,"href":"https:\/\/old-sagnlandet.dev.stom.dk\/de\/wp-json\/wp\/v2\/users\/1"}],"replies":[{"embeddable":true,"href":"https:\/\/old-sagnlandet.dev.stom.dk\/de\/wp-json\/wp\/v2\/comments?post=49048"}],"version-history":[{"count":4,"href":"https:\/\/old-sagnlandet.dev.stom.dk\/de\/wp-json\/wp\/v2\/pages\/49048\/revisions"}],"predecessor-version":[{"id":58592,"href":"https:\/\/old-sagnlandet.dev.stom.dk\/de\/wp-json\/wp\/v2\/pages\/49048\/revisions\/58592"}],"wp:attachment":[{"href":"https:\/\/old-sagnlandet.dev.stom.dk\/de\/wp-json\/wp\/v2\/media?parent=49048"}],"curies":[{"name":"wp","href":"https:\/\/api.w.org\/{rel}","templated":true}]}}