{"id":49027,"date":"2019-10-14T11:38:49","date_gmt":"2019-10-14T11:38:49","guid":{"rendered":"https:\/\/old-sagnlandet.dev.stom.dk\/oplevelser\/"},"modified":"2023-03-07T15:26:30","modified_gmt":"2023-03-07T14:26:30","slug":"erlebnisse","status":"publish","type":"page","link":"https:\/\/old-sagnlandet.dev.stom.dk\/de\/erlebnisse\/","title":{"rendered":"Erlebnisse"},"content":{"rendered":"<h4>Willkommen in Lejre, Land der Legenden!<\/h4>\n<p>Sagnlandet Lejre ist eine stimmungsvolle und spannende Touristenattraktion f\u00fcr die gesamte Familie. 10.000 Jahre d\u00e4nische Geschichte werden hier zum Leben erweckt.<\/p>\n<p>H\u00e4user und die dazugeh\u00f6renden Anlagen aus der Eisenzeit, Steinzeit, Wikingerzeit und dem 19. Jahrhundert, historische Werkst\u00e4tten und Haustiere, sind \u00fcber die wundersch\u00f6ne historische Landschaft in der N\u00e4he von Roskilde verteilt.<\/p>\n<p>Ein Tag voller Erlebnisse f\u00fcr alle Sinne. Die ganze Saison \u00fcber gibt es viele spannende und herausfordernde Aktivit\u00e4ten f\u00fcr Kinder und Erwachsene. (Orientieren Sie sich bitte mit den \u00d6ffnungszeiten); 43 Hektar mit Platz und Musse um einen Ausflug in die Vergangenheit zu geniessen, und dann noch ein Parkplatz f\u00fcr \u00fcber 300 Autos gleich am Eingang. Zum Sagnlandet Lejre k\u00f6nnen Sie Ihren Picknickkorb mitbringen. Ihr Hund ist immer willkommen, wenn Sie ihn an der Leine halten. Wenn Sie im Rollstuhl sitzen, kontaktieren Sie uns bitte vor Ihrer Ankunft.<\/p>\n<p>Sagnlandet Lejre wurde 1964 als experimentelles Zentrum f\u00fcr Studien \u00fcber Fachrichtungen Geschichte und Arch\u00e4ologie gegr\u00fcndet. Alle Gewinne flie\u00dfen wieder zur\u00fcck in Forschung, an Vermittlungs-arrangements und Unterricht \u00fcber die Vergangenheit.<\/p>\n<p><a href=\"https:\/\/old-sagnlandet.dev.stom.dk\/de\/daily-schedule\/\">Hier finden Sie unser Tagesprogramm<\/a><\/p>\n<p>&nbsp;<\/p>\n","protected":false},"excerpt":{"rendered":"<p>Willkommen in Lejre, Land der Legenden! Sagnlandet Lejre ist eine stimmungsvolle und spannende Touristenattraktion f\u00fcr die gesamte Familie. 10.000 Jahre d\u00e4nische Geschichte werden hier zum Leben erweckt. H\u00e4user und die dazugeh\u00f6renden Anlagen aus der Eisenzeit, Steinzeit, Wikingerzeit und dem 19. Jahrhundert, historische Werkst\u00e4tten und Haustiere, sind \u00fcber die wundersch\u00f6ne historische Landschaft in der N\u00e4he von [&hellip;]<\/p>\n","protected":false},"author":1,"featured_media":0,"parent":0,"menu_order":0,"comment_status":"closed","ping_status":"closed","template":"","meta":{"footnotes":""},"yoast_head":"<!-- This site is optimized with the Yoast SEO plugin v14.3 - https:\/\/yoast.com\/wordpress\/plugins\/seo\/ -->\n<meta name=\"description\" content=\"Tag familien under armen og rejs tilbage til en fjern fortid. M\u00f8d stenalderj\u00e6geren, jernalderbonden og de handlende vikinger.\" \/>\n<meta name=\"robots\" content=\"noindex, follow\" \/>\n<meta property=\"og:locale\" content=\"de_DE\" \/>\n<meta property=\"og:type\" content=\"article\" \/>\n<meta property=\"og:title\" content=\"Erlebnisse - Sagnlandet Lejre - Historisk-Ark\u00e6ologisk Forsknings- og Formidlingscenter\" \/>\n<meta property=\"og:description\" content=\"Tag familien under armen og rejs tilbage til en fjern fortid. M\u00f8d stenalderj\u00e6geren, jernalderbonden og de handlende vikinger.\" \/>\n<meta property=\"og:url\" content=\"https:\/\/old-sagnlandet.dev.stom.dk\/de\/erlebnisse\/\" \/>\n<meta property=\"og:site_name\" content=\"Sagnlandet Lejre - Historisk-Ark\u00e6ologisk Forsknings- og Formidlingscenter\" \/>\n<meta property=\"article:modified_time\" content=\"2023-03-07T14:26:30+00:00\" \/>\n<meta name=\"twitter:card\" content=\"summary\" \/>\n<script type=\"application\/ld+json\" class=\"yoast-schema-graph\">{\"@context\":\"https:\/\/schema.org\",\"@graph\":[{\"@type\":\"WebSite\",\"@id\":\"https:\/\/old-sagnlandet.dev.stom.dk\/de\/#website\",\"url\":\"https:\/\/old-sagnlandet.dev.stom.dk\/de\/\",\"name\":\"Sagnlandet Lejre - Historisk-Ark\\u00e6ologisk Forsknings- og Formidlingscenter\",\"description\":\"\",\"potentialAction\":[{\"@type\":\"SearchAction\",\"target\":\"https:\/\/old-sagnlandet.dev.stom.dk\/de\/?s={search_term_string}\",\"query-input\":\"required name=search_term_string\"}],\"inLanguage\":\"de\"},{\"@type\":\"WebPage\",\"@id\":\"https:\/\/old-sagnlandet.dev.stom.dk\/de\/erlebnisse\/#webpage\",\"url\":\"https:\/\/old-sagnlandet.dev.stom.dk\/de\/erlebnisse\/\",\"name\":\"Erlebnisse - Sagnlandet Lejre - Historisk-Ark\\u00e6ologisk Forsknings- og Formidlingscenter\",\"isPartOf\":{\"@id\":\"https:\/\/old-sagnlandet.dev.stom.dk\/de\/#website\"},\"datePublished\":\"2019-10-14T11:38:49+00:00\",\"dateModified\":\"2023-03-07T14:26:30+00:00\",\"description\":\"Tag familien under armen og rejs tilbage til en fjern fortid. M\\u00f8d stenalderj\\u00e6geren, jernalderbonden og de handlende vikinger.\",\"inLanguage\":\"de\",\"potentialAction\":[{\"@type\":\"ReadAction\",\"target\":[\"https:\/\/old-sagnlandet.dev.stom.dk\/de\/erlebnisse\/\"]}]}]}<\/script>\n<!-- \/ Yoast SEO plugin. -->","_links":{"self":[{"href":"https:\/\/old-sagnlandet.dev.stom.dk\/de\/wp-json\/wp\/v2\/pages\/49027"}],"collection":[{"href":"https:\/\/old-sagnlandet.dev.stom.dk\/de\/wp-json\/wp\/v2\/pages"}],"about":[{"href":"https:\/\/old-sagnlandet.dev.stom.dk\/de\/wp-json\/wp\/v2\/types\/page"}],"author":[{"embeddable":true,"href":"https:\/\/old-sagnlandet.dev.stom.dk\/de\/wp-json\/wp\/v2\/users\/1"}],"replies":[{"embeddable":true,"href":"https:\/\/old-sagnlandet.dev.stom.dk\/de\/wp-json\/wp\/v2\/comments?post=49027"}],"version-history":[{"count":2,"href":"https:\/\/old-sagnlandet.dev.stom.dk\/de\/wp-json\/wp\/v2\/pages\/49027\/revisions"}],"predecessor-version":[{"id":54573,"href":"https:\/\/old-sagnlandet.dev.stom.dk\/de\/wp-json\/wp\/v2\/pages\/49027\/revisions\/54573"}],"wp:attachment":[{"href":"https:\/\/old-sagnlandet.dev.stom.dk\/de\/wp-json\/wp\/v2\/media?parent=49027"}],"curies":[{"name":"wp","href":"https:\/\/api.w.org\/{rel}","templated":true}]}}