{"id":49025,"date":"2019-10-23T12:23:44","date_gmt":"2019-10-23T12:23:44","guid":{"rendered":"https:\/\/old-sagnlandet.dev.stom.dk\/parking\/"},"modified":"2023-03-07T15:30:47","modified_gmt":"2023-03-07T14:30:47","slug":"parken","status":"publish","type":"page","link":"https:\/\/old-sagnlandet.dev.stom.dk\/de\/parken\/","title":{"rendered":"Parken"},"content":{"rendered":"<div  class='stom-cols-7'>\n<p><img loading=\"lazy\" decoding=\"async\" class=\"alignnone wp-image-13429 size-full\" src=\"https:\/\/old-sagnlandet.dev.stom.dk\/wp-content\/uploads\/2020\/01\/luft-maj-2012-01.jpg\" alt=\"\" width=\"2700\" height=\"1800\" srcset=\"https:\/\/old-sagnlandet.dev.stom.dk\/wp-content\/uploads\/2020\/01\/luft-maj-2012-01.jpg 2700w, https:\/\/old-sagnlandet.dev.stom.dk\/wp-content\/uploads\/2020\/01\/luft-maj-2012-01-300x200.jpg 300w, https:\/\/old-sagnlandet.dev.stom.dk\/wp-content\/uploads\/2020\/01\/luft-maj-2012-01-1920x1280.jpg 1920w, https:\/\/old-sagnlandet.dev.stom.dk\/wp-content\/uploads\/2020\/01\/luft-maj-2012-01-600x400.jpg 600w\" sizes=\"(max-width: 2700px) 100vw, 2700px\" \/><\/p>\n<\/div>\n<div  class='last stom-cols-5'>\n<h4 style=\"text-align: center;\">*300 kostenlose Parkpl\u00e4tze &#8211; direkt am Eingang<\/h4>\n<p>Lejre, Land der Legenden liegt in sanften H\u00fcgeln eingebettet mitten auf der Insel Seeland, nur sieben Kilometer von Roskilde entfernt.<\/p>\n<p>Sie k\u00f6nnen Lejre, Land der Legenden von \u00fcberall auf Seeland in weniger als einer Stunde erreichen.<\/p>\n<p>Hier ist auch gut Platz f\u00fcr Ihr Auto mit den 300 Parkpl\u00e4tzen, die am Eingang von Lejre, Land der Legenden auf Schotterboden angelegt sind.<\/p>\n<p>Das Parken ist umsonst. Dar\u00fcber hinaus haben wir auch Fahrradst\u00e4nder, wo sie Ihr Fahrrad abstellen k\u00f6nnen, wenn Sie zu uns hergeradelt sind.<\/p>\n<p><em><strong>Hier ist auch Platz f\u00fcr Busse.<\/strong><\/em><\/p>\n<p>&nbsp;<\/p>\n<\/div>\n<p>&nbsp;<\/p>\n","protected":false},"excerpt":{"rendered":"<p>&nbsp;<\/p>\n","protected":false},"author":1,"featured_media":0,"parent":0,"menu_order":0,"comment_status":"closed","ping_status":"closed","template":"","meta":{"footnotes":""},"yoast_head":"<!-- This site is optimized with the Yoast SEO plugin v14.3 - https:\/\/yoast.com\/wordpress\/plugins\/seo\/ -->\n<meta name=\"description\" content=\"Hvis du skal bes\u00f8ge Sagnlandet Lejre og kommer i din egen bil, s\u00e5 bare rolig. Vi har parkeringspladser tilg\u00e6ngelige ude foran vores omr\u00e5de.\" \/>\n<meta name=\"robots\" content=\"noindex, follow\" \/>\n<meta property=\"og:locale\" content=\"de_DE\" \/>\n<meta property=\"og:type\" content=\"article\" \/>\n<meta property=\"og:title\" content=\"Parken - Sagnlandet Lejre - Historisk-Ark\u00e6ologisk Forsknings- og Formidlingscenter\" \/>\n<meta property=\"og:description\" content=\"Hvis du skal bes\u00f8ge Sagnlandet Lejre og kommer i din egen bil, s\u00e5 bare rolig. Vi har parkeringspladser tilg\u00e6ngelige ude foran vores omr\u00e5de.\" \/>\n<meta property=\"og:url\" content=\"https:\/\/old-sagnlandet.dev.stom.dk\/de\/parken\/\" \/>\n<meta property=\"og:site_name\" content=\"Sagnlandet Lejre - Historisk-Ark\u00e6ologisk Forsknings- og Formidlingscenter\" \/>\n<meta property=\"article:modified_time\" content=\"2023-03-07T14:30:47+00:00\" \/>\n<meta property=\"og:image\" content=\"https:\/\/old-sagnlandet.dev.stom.dk\/wp-content\/uploads\/2020\/01\/luft-maj-2012-01.jpg\" \/>\n<meta name=\"twitter:card\" content=\"summary\" \/>\n<script type=\"application\/ld+json\" class=\"yoast-schema-graph\">{\"@context\":\"https:\/\/schema.org\",\"@graph\":[{\"@type\":\"WebSite\",\"@id\":\"https:\/\/old-sagnlandet.dev.stom.dk\/de\/#website\",\"url\":\"https:\/\/old-sagnlandet.dev.stom.dk\/de\/\",\"name\":\"Sagnlandet Lejre - Historisk-Ark\\u00e6ologisk Forsknings- og Formidlingscenter\",\"description\":\"\",\"potentialAction\":[{\"@type\":\"SearchAction\",\"target\":\"https:\/\/old-sagnlandet.dev.stom.dk\/de\/?s={search_term_string}\",\"query-input\":\"required name=search_term_string\"}],\"inLanguage\":\"de\"},{\"@type\":\"ImageObject\",\"@id\":\"https:\/\/old-sagnlandet.dev.stom.dk\/de\/parken\/#primaryimage\",\"inLanguage\":\"de\",\"url\":\"https:\/\/old-sagnlandet.dev.stom.dk\/wp-content\/uploads\/2020\/01\/luft-maj-2012-01.jpg\",\"width\":2700,\"height\":1800},{\"@type\":\"WebPage\",\"@id\":\"https:\/\/old-sagnlandet.dev.stom.dk\/de\/parken\/#webpage\",\"url\":\"https:\/\/old-sagnlandet.dev.stom.dk\/de\/parken\/\",\"name\":\"Parken - Sagnlandet Lejre - Historisk-Ark\\u00e6ologisk Forsknings- og Formidlingscenter\",\"isPartOf\":{\"@id\":\"https:\/\/old-sagnlandet.dev.stom.dk\/de\/#website\"},\"primaryImageOfPage\":{\"@id\":\"https:\/\/old-sagnlandet.dev.stom.dk\/de\/parken\/#primaryimage\"},\"datePublished\":\"2019-10-23T12:23:44+00:00\",\"dateModified\":\"2023-03-07T14:30:47+00:00\",\"description\":\"Hvis du skal bes\\u00f8ge Sagnlandet Lejre og kommer i din egen bil, s\\u00e5 bare rolig. Vi har parkeringspladser tilg\\u00e6ngelige ude foran vores omr\\u00e5de.\",\"inLanguage\":\"de\",\"potentialAction\":[{\"@type\":\"ReadAction\",\"target\":[\"https:\/\/old-sagnlandet.dev.stom.dk\/de\/parken\/\"]}]}]}<\/script>\n<!-- \/ Yoast SEO plugin. -->","_links":{"self":[{"href":"https:\/\/old-sagnlandet.dev.stom.dk\/de\/wp-json\/wp\/v2\/pages\/49025"}],"collection":[{"href":"https:\/\/old-sagnlandet.dev.stom.dk\/de\/wp-json\/wp\/v2\/pages"}],"about":[{"href":"https:\/\/old-sagnlandet.dev.stom.dk\/de\/wp-json\/wp\/v2\/types\/page"}],"author":[{"embeddable":true,"href":"https:\/\/old-sagnlandet.dev.stom.dk\/de\/wp-json\/wp\/v2\/users\/1"}],"replies":[{"embeddable":true,"href":"https:\/\/old-sagnlandet.dev.stom.dk\/de\/wp-json\/wp\/v2\/comments?post=49025"}],"version-history":[{"count":1,"href":"https:\/\/old-sagnlandet.dev.stom.dk\/de\/wp-json\/wp\/v2\/pages\/49025\/revisions"}],"predecessor-version":[{"id":54578,"href":"https:\/\/old-sagnlandet.dev.stom.dk\/de\/wp-json\/wp\/v2\/pages\/49025\/revisions\/54578"}],"wp:attachment":[{"href":"https:\/\/old-sagnlandet.dev.stom.dk\/de\/wp-json\/wp\/v2\/media?parent=49025"}],"curies":[{"name":"wp","href":"https:\/\/api.w.org\/{rel}","templated":true}]}}