{"id":48999,"date":"2016-05-06T07:12:12","date_gmt":"2016-05-06T07:12:12","guid":{"rendered":"https:\/\/old-sagnlandet.dev.stom.dk\/forside\/"},"modified":"2025-01-08T13:53:48","modified_gmt":"2025-01-08T12:53:48","slug":"forside","status":"publish","type":"page","link":"https:\/\/old-sagnlandet.dev.stom.dk\/de\/","title":{"rendered":"Front page"},"content":{"rendered":"<div  class='wrap wrap-one-half stom-cols-4'>\n<div  class='tiles tilesone'>\n<p><img loading=\"lazy\" decoding=\"async\" class=\"alignnone wp-image-54746 size-slide-size\" src=\"https:\/\/old-sagnlandet.dev.stom.dk\/wp-content\/uploads\/2023\/03\/paaske-2014-59-468x596.jpg\" alt=\"\" width=\"468\" height=\"596\" \/><\/p>\n<h2><span style=\"color: #ffffff;\"><a style=\"color: #ffffff;\" href=\"https:\/\/old-sagnlandet.dev.stom.dk\/de\/daily-schedule\/\">Hier finden Sie unser Tages programm<\/a><\/span><\/h2>\n<\/div>\n<\/div>\n<div  class='wrap wrap-one-half one-last stom-cols-4'>\n<div  class='tiles'>\n<p><a href=\"https:\/\/old-sagnlandet.dev.stom.dk\/de\/denmarks-largest-viking-kings-hall\/\"><img loading=\"lazy\" decoding=\"async\" class=\"alignnone wp-image-52982 size-mailpoet_newsletter_max\" src=\"https:\/\/old-sagnlandet.dev.stom.dk\/wp-content\/uploads\/2023\/01\/stor-fil-efteraarsferie-1320x839.jpg\" alt=\"\" width=\"640\" height=\"407\" srcset=\"https:\/\/old-sagnlandet.dev.stom.dk\/wp-content\/uploads\/2023\/01\/stor-fil-efteraarsferie-1320x839.jpg 1320w, https:\/\/old-sagnlandet.dev.stom.dk\/wp-content\/uploads\/2023\/01\/stor-fil-efteraarsferie-300x191.jpg 300w, https:\/\/old-sagnlandet.dev.stom.dk\/wp-content\/uploads\/2023\/01\/stor-fil-efteraarsferie-1920x1221.jpg 1920w, https:\/\/old-sagnlandet.dev.stom.dk\/wp-content\/uploads\/2023\/01\/stor-fil-efteraarsferie-1536x977.jpg 1536w, https:\/\/old-sagnlandet.dev.stom.dk\/wp-content\/uploads\/2023\/01\/stor-fil-efteraarsferie-2048x1302.jpg 2048w, https:\/\/old-sagnlandet.dev.stom.dk\/wp-content\/uploads\/2023\/01\/stor-fil-efteraarsferie-600x382.jpg 600w\" sizes=\"(max-width: 640px) 100vw, 640px\" \/><\/a><\/p>\n<h2><span style=\"color: #ffffff;\"><a style=\"color: #ffffff;\" href=\"https:\/\/old-sagnlandet.dev.stom.dk\/de\/denmarks-largest-viking-kings-hall\/\">Hier k\u00f6nnen Sie Ihr Wissen \u00fcber die gr\u00f6sste K\u00f6ningshalle der Wikingerzeit erweitern<\/a><\/span><\/h2>\n<\/div>\n<\/div>\n<div  class='wrap wrap-full last stom-cols-4'>\n<div  class='tiles tiles-img'>\n<p><img loading=\"lazy\" decoding=\"async\" class=\"alignnone size-full wp-image-454\" src=\"https:\/\/old-sagnlandet.dev.stom.dk\/wp-content\/uploads\/2019\/10\/roed-bg.jpg\" alt=\"\" width=\"627\" height=\"479\" srcset=\"https:\/\/old-sagnlandet.dev.stom.dk\/wp-content\/uploads\/2019\/10\/roed-bg.jpg 627w, https:\/\/old-sagnlandet.dev.stom.dk\/wp-content\/uploads\/2019\/10\/roed-bg-300x229.jpg 300w, https:\/\/old-sagnlandet.dev.stom.dk\/wp-content\/uploads\/2019\/10\/roed-bg-600x458.jpg 600w\" sizes=\"(max-width: 627px) 100vw, 627px\" \/><\/p>\n<\/div>\n<div  class='tiles-text'>\n<h3 style=\"text-align: center;\"><span style=\"color: #000000;\"><span style=\"color: #ffffff;\">Information \t2025\t<\/span><br \/>\n<\/span><\/h3>\n<table style=\"height: 408px;\">\n<tbody>\n<tr style=\"height: 24px;\">\n<td style=\"text-align: left; height: 24px;\" colspan=\"3\"><strong>Ostern \t2025\t<\/strong><\/td>\n<\/tr>\n<tr style=\"height: 24px;\">\n<td style=\"height: 24px;\">12. \u2013 21. April<\/td>\n<td style=\"height: 24px;\">\t10:00 - 17:00\t<\/td>\n<td style=\"height: 24px;\">jeden Tag<\/td>\n<\/tr>\n<tr style=\"height: 24px;\">\n<td style=\"text-align: left; height: 24px;\" colspan=\"3\"><strong>Fr\u00fchling \t2025\t<\/strong><\/td>\n<\/tr>\n<tr style=\"height: 24px;\">\n<td style=\"height: 24px;\">1. April \u2013 27. Juni<\/td>\n<td style=\"height: 24px;\">\t10:00 - 16:00\t<\/td>\n<td style=\"height: 24px;\">Di, Mi, Do<\/td>\n<\/tr>\n<tr style=\"height: 24px;\">\n<td style=\"height: 24px;\"><\/td>\n<td style=\"height: 24px;\">\t10:00 - 17:00\t<\/td>\n<td style=\"height: 24px;\">Sa, So<\/td>\n<\/tr>\n<tr style=\"height: 24px;\">\n<td style=\"text-align: left; height: 24px;\" colspan=\"3\"><strong>Himmelfahrtswochenende \t2025\t<\/strong><\/td>\n<\/tr>\n<tr style=\"height: 24px;\">\n<td style=\"height: 24px;\">29. Mai \u2013 1. Juni<\/td>\n<td style=\"height: 24px;\">\t10:00 - 17:00\t<\/td>\n<td style=\"height: 24px;\">Do, Fr, Sa, So<\/td>\n<\/tr>\n<tr style=\"height: 24px;\">\n<td style=\"text-align: left; height: 24px;\" colspan=\"3\"><strong>Pfingstwochenende \t2025\t<\/strong><\/td>\n<\/tr>\n<tr style=\"height: 24px;\">\n<td style=\"height: 24px;\">7. \u2013 9. Juni<\/td>\n<td style=\"height: 24px;\">\t10:00 - 17:00\t<\/td>\n<td style=\"height: 24px;\">Sa, So, Mo<\/td>\n<\/tr>\n<tr style=\"height: 24px;\">\n<td style=\"text-align: left; height: 24px;\" colspan=\"3\"><strong>Sankt Johannis Abend \t2025\t<\/strong><\/td>\n<\/tr>\n<tr style=\"height: 24px;\">\n<td style=\"height: 24px;\">23. Juni<\/td>\n<td style=\"height: 24px;\">\t10:00 - 21:00\t<\/td>\n<td style=\"height: 24px;\">Mo<\/td>\n<\/tr>\n<tr style=\"height: 24px;\">\n<td style=\"text-align: left; height: 24px;\" colspan=\"3\"><strong>Sommer \t2025\t<\/strong><\/td>\n<\/tr>\n<tr style=\"height: 24px;\">\n<td style=\"height: 24px;\">28. Juni \u2013 31. August<\/td>\n<td style=\"height: 24px;\">\t10:00 - 17:00\t<\/td>\n<td style=\"height: 24px;\">jeden Tag<\/td>\n<\/tr>\n<tr style=\"height: 24px;\">\n<td style=\"text-align: left; height: 24px;\" colspan=\"3\"><strong>Sp\u00e4tsommer \t2025\t<\/strong><\/td>\n<\/tr>\n<tr style=\"height: 24px;\">\n<td style=\"height: 24px;\">1. September \u2013 10. Oktober<\/td>\n<td style=\"height: 24px;\">\t10:00 - 16:00\t<\/td>\n<td style=\"height: 24px;\">Di, Mi, Do<\/td>\n<\/tr>\n<tr style=\"height: 24px;\">\n<td style=\"height: 24px;\"><\/td>\n<td style=\"height: 24px;\">\t10:00 - 17:00\t<\/td>\n<td style=\"height: 24px;\">Sa, So<\/td>\n<\/tr>\n<\/tbody>\n<\/table>\n<h6><a href=\"https:\/\/old-sagnlandet.dev.stom.dk\/de\/oeffnungszeiten\/\"><span style=\"color: #ffffff;\"><em>Finden Sie hier die restlichen \u00d6ffnungszeiten \t2025\t!<\/em><\/span><\/a><\/h6>\n<hr \/>\n<div class=\"stom-center-small\">\n<span  class='Eintritt'>\n<p><span style=\"color: #ffffff;\"><a style=\"color: #ffffff;\" href=\"https:\/\/old-sagnlandet.dev.stom.dk\/de\/k\/admission-de\/\"><img loading=\"lazy\" decoding=\"async\" class=\"alignnone size-full wp-image-468\" src=\"https:\/\/old-sagnlandet.dev.stom.dk\/wp-content\/uploads\/2019\/10\/2-layers.png\" alt=\"\" width=\"27\" height=\"13\" \/> <strong>BUCHEN SIE IHRE EINTRITTSKARTE F\u00dbR 2025 ONLINE<\/strong><\/a><\/span><\/p>\n<p><span style=\"color: #ffffff;\"><\/span><\/span><\/p>\n<\/div>\n<\/div>\n<\/div>\n","protected":false},"excerpt":{"rendered":"","protected":false},"author":1,"featured_media":0,"parent":0,"menu_order":0,"comment_status":"closed","ping_status":"open","template":"","meta":{"footnotes":""},"yoast_head":"<!-- This site is optimized with the Yoast SEO plugin v14.3 - https:\/\/yoast.com\/wordpress\/plugins\/seo\/ -->\n<meta name=\"description\" content=\"Visit Lejre Land of Legends and travel back through 10,000 years of history! Experience the largest Viking King&#039;s Hall in Denmark!\" \/>\n<meta name=\"robots\" content=\"noindex, follow\" \/>\n<meta property=\"og:locale\" content=\"de_DE\" \/>\n<meta property=\"og:type\" content=\"article\" \/>\n<meta property=\"og:title\" content=\"Front Page - Lejre Land of Legends - Visit us!\" \/>\n<meta property=\"og:description\" content=\"Visit Lejre Land of Legends and travel back through 10,000 years of history! Experience the largest Viking King&#039;s Hall in Denmark!\" \/>\n<meta property=\"og:url\" content=\"https:\/\/old-sagnlandet.dev.stom.dk\/de\/\" \/>\n<meta property=\"og:site_name\" content=\"Sagnlandet Lejre - Historisk-Ark\u00e6ologisk Forsknings- og Formidlingscenter\" \/>\n<meta property=\"article:modified_time\" content=\"2025-01-08T12:53:48+00:00\" \/>\n<meta property=\"og:image\" content=\"https:\/\/old-sagnlandet.dev.stom.dk\/wp-content\/uploads\/2023\/03\/paaske-2014-59-468x596.jpg\" \/>\n<meta name=\"twitter:card\" content=\"summary\" \/>\n<script type=\"application\/ld+json\" class=\"yoast-schema-graph\">{\"@context\":\"https:\/\/schema.org\",\"@graph\":[{\"@type\":\"WebSite\",\"@id\":\"https:\/\/old-sagnlandet.dev.stom.dk\/de\/#website\",\"url\":\"https:\/\/old-sagnlandet.dev.stom.dk\/de\/\",\"name\":\"Sagnlandet Lejre - Historisk-Ark\\u00e6ologisk Forsknings- og Formidlingscenter\",\"description\":\"\",\"potentialAction\":[{\"@type\":\"SearchAction\",\"target\":\"https:\/\/old-sagnlandet.dev.stom.dk\/de\/?s={search_term_string}\",\"query-input\":\"required name=search_term_string\"}],\"inLanguage\":\"de\"},{\"@type\":\"ImageObject\",\"@id\":\"https:\/\/old-sagnlandet.dev.stom.dk\/de\/#primaryimage\",\"inLanguage\":\"de\",\"url\":\"https:\/\/old-sagnlandet.dev.stom.dk\/wp-content\/uploads\/2023\/03\/paaske-2014-59-468x596.jpg\"},{\"@type\":\"WebPage\",\"@id\":\"https:\/\/old-sagnlandet.dev.stom.dk\/de\/#webpage\",\"url\":\"https:\/\/old-sagnlandet.dev.stom.dk\/de\/\",\"name\":\"Front Page - Lejre Land of Legends - Visit us!\",\"isPartOf\":{\"@id\":\"https:\/\/old-sagnlandet.dev.stom.dk\/de\/#website\"},\"primaryImageOfPage\":{\"@id\":\"https:\/\/old-sagnlandet.dev.stom.dk\/de\/#primaryimage\"},\"datePublished\":\"2016-05-06T07:12:12+00:00\",\"dateModified\":\"2025-01-08T12:53:48+00:00\",\"description\":\"Visit Lejre Land of Legends and travel back through 10,000 years of history! Experience the largest Viking King's Hall in Denmark!\",\"inLanguage\":\"de\",\"potentialAction\":[{\"@type\":\"ReadAction\",\"target\":[\"https:\/\/old-sagnlandet.dev.stom.dk\/de\/\"]}]}]}<\/script>\n<!-- \/ Yoast SEO plugin. -->","_links":{"self":[{"href":"https:\/\/old-sagnlandet.dev.stom.dk\/de\/wp-json\/wp\/v2\/pages\/48999"}],"collection":[{"href":"https:\/\/old-sagnlandet.dev.stom.dk\/de\/wp-json\/wp\/v2\/pages"}],"about":[{"href":"https:\/\/old-sagnlandet.dev.stom.dk\/de\/wp-json\/wp\/v2\/types\/page"}],"author":[{"embeddable":true,"href":"https:\/\/old-sagnlandet.dev.stom.dk\/de\/wp-json\/wp\/v2\/users\/1"}],"replies":[{"embeddable":true,"href":"https:\/\/old-sagnlandet.dev.stom.dk\/de\/wp-json\/wp\/v2\/comments?post=48999"}],"version-history":[{"count":16,"href":"https:\/\/old-sagnlandet.dev.stom.dk\/de\/wp-json\/wp\/v2\/pages\/48999\/revisions"}],"predecessor-version":[{"id":63028,"href":"https:\/\/old-sagnlandet.dev.stom.dk\/de\/wp-json\/wp\/v2\/pages\/48999\/revisions\/63028"}],"wp:attachment":[{"href":"https:\/\/old-sagnlandet.dev.stom.dk\/de\/wp-json\/wp\/v2\/media?parent=48999"}],"curies":[{"name":"wp","href":"https:\/\/api.w.org\/{rel}","templated":true}]}}